{"id":1642,"date":"2018-11-05T21:23:23","date_gmt":"2018-11-05T21:23:23","guid":{"rendered":"http:\/\/514locksmith.com\/?page_id=1642"},"modified":"2019-02-05T21:15:24","modified_gmt":"2019-02-05T21:15:24","slug":"smart-locks","status":"publish","type":"page","link":"https:\/\/514locksmith.com\/fr\/smart-locks\/","title":{"rendered":"Smart Locks"},"content":{"rendered":"<p>[vc_row css=\u00a0\u00bb.vc_custom_1488969878319{padding-top: 0px !important;padding-bottom: 0px !important;}\u00a0\u00bb][vc_column][vc_empty_space alter_height=\u00a0\u00bbhuge\u00a0\u00bb hide_on_mobile=\u00a0\u00bb\u00a0\u00bb][\/vc_column][\/vc_row][vc_row full_width=\u00a0\u00bbstretch_row\u00a0\u00bb css=\u00a0\u00bb.vc_custom_1488971430296{padding-bottom: 0px !important;}\u00a0\u00bb][vc_column][vc_column_text]<\/p>\n<div class=\"text-max-width\">\n<div class=\"fl-col fl-node-5ab2c4ce46ab1\" data-node=\"5ab2c4ce46ab1\">\n<div class=\"fl-col-content fl-node-content\">\n<div class=\"fl-module fl-module-rich-text fl-node-5ab2c4fd95115\" data-node=\"5ab2c4fd95115\">\n<div class=\"fl-module-content fl-node-content\">\n<div class=\"fl-rich-text\">\n<h1>Smart Locks<\/h1>\n<p>Les serrures de porte intelligentes offrent des fonctionnalit\u00e9s sophistiqu\u00e9es de \u00ab\u2009contr\u00f4le d\u2019acc\u00e8s\u2009\u00bb \u00e0 toute maison ou entreprise. Les capteurs de proximit\u00e9 tels que Bluetooth et NFC peuvent permettre de d\u00e9verrouiller une porte \u00e0 l\u2019approche d\u2019un utilisateur autoris\u00e9 en possession d\u2019un t\u00e9l\u00e9phone intelligent. Les utilisateurs peuvent \u00e9galement verrouiller et d\u00e9verrouiller la porte \u00e0 distance, ou partager l\u2019acc\u00e8s avec un nombre quelconque d\u2019autres personnes, \u00e0 l\u2019aide d\u2019applications mobiles. Les claviers physiques offrent une option suppl\u00e9mentaire avec de nombreuses serrures, mais ne sont plus le moyen principal d\u2019acc\u00e8s.<\/p>\n<p><strong>Pour plus d\u2019aide, consultez le d\u00e9pliant suivant :<\/strong><\/p>\n<ul>\n<li> D\u00e9terminez le type de connectivit\u00e9 dont vous avez besoin : Wi-Fi, Bluetooth, NFC ou cellulaire<\/li>\n<li> Obtenez des avis sur des applications et v\u00e9rifiez si la serrure peut s\u2019int\u00e9grer au fouillot de votre maison intelligente et \u00e0 d\u2019autres p\u00e9riph\u00e9riques connect\u00e9s.<\/li>\n<li> Triez en fonction des frais mensuels ou selon si la poign\u00e9e dispose de fonctions de code de cl\u00e9 \u00e9lectronique.<\/li>\n<\/ul>\n<\/div>\n<\/div>\n<\/div>\n<\/div>\n<\/div>\n<\/div>\n<p>[vc_row][vc_column][vc_column_text][\/vc_column_text][vc_empty_space alter_height=\u00a0\u00bbhuge\u00a0\u00bb hide_on_mobile=\u00a0\u00bb1&Prime;][\/vc_column][\/vc_row][vc_row css=\u00a0\u00bb.vc_custom_1487697875072{padding-top: 0px !important;padding-bottom: 0px !important;}\u00a0\u00bb][vc_column]<div class=\"sc_layouts sc_layouts_default sc_layouts_1665  vc_custom_1541623799011\">[vc_row full_width=\"stretch_row_content_no_spaces\" equal_height=\"yes\" content_placement=\"middle\" css=\".vc_custom_1488878763350{padding-top: 0px !important;padding-bottom: 0px !important;}\"][vc_column css=\".vc_custom_1530821789645{background-color: #fcb315 !important;}\" offset=\"vc_col-md-6\"][vc_empty_space alter_height=\"huge\" hide_on_mobile=\"\"]<div class=\"sc_layouts_item\"><div id=\"sc_skills_1353935065\"\n\t\tclass=\"sc_skills sc_skills_counter\"\n\t\t\t\tdata-type=\"counter\"\n\t\t><div class=\"sc_skills_columns sc_item_columns trx_addons_columns_wrap columns_padding_bottom\"><div class=\"sc_skills_column trx_addons_column-1_3\"><div class=\"sc_skills_item_wrap\"><div class=\"sc_skills_item\"><div class=\"sc_skills_icon icon-padlock\"><\/div><div class=\"sc_skills_total\" data-start=\"0\" data-stop=\"935\" data-step=\"21.2\" data-max=\"2120\" data-speed=\"15\" data-duration=\"662\" data-ed=\"\">0<\/div><\/div><div class=\"sc_skills_item_title\">serrures install\u00e9es<\/div><\/div><\/div><div class=\"sc_skills_column trx_addons_column-1_3\"><div class=\"sc_skills_item_wrap\"><div class=\"sc_skills_item\"><div class=\"sc_skills_icon icon-remote-control\"><\/div><div class=\"sc_skills_total\" data-start=\"0\" data-stop=\"436\" data-step=\"21.2\" data-max=\"2120\" data-speed=\"34\" data-duration=\"699\" data-ed=\"\">0<\/div><\/div><div class=\"sc_skills_item_title\">lieux s\u00e9curis\u00e9s<\/div><\/div><\/div><div class=\"sc_skills_column trx_addons_column-1_3\"><div class=\"sc_skills_item_wrap\"><div class=\"sc_skills_item\"><div class=\"sc_skills_icon icon-key-1\"><\/div><div class=\"sc_skills_total\" data-start=\"0\" data-stop=\"2120\" data-step=\"21.2\" data-max=\"2120\" data-speed=\"27\" data-duration=\"2700\" data-ed=\"\">0<\/div><\/div><div class=\"sc_skills_item_title\">clients satisfaits<\/div><\/div><\/div><\/div><\/div><\/div>[vc_empty_space alter_height=\"huge\" hide_on_mobile=\"\"][\/vc_column][vc_column css=\".vc_custom_1488542126255{background-color: #292734 !important;}\" offset=\"vc_col-md-6\"][vc_empty_space alter_height=\"huge\" hide_on_mobile=\"\"]<div class=\"sc_layouts_item\"><div class=\"sc_testimonials sc_testimonials_default swiper-slider-container slider_swiper slider_noresize slider_nocontrols slider_pagination\" data-slides-min-width=\"150\"\t\t>\n\t\t<h6 class=\"sc_item_subtitle sc_testimonials_subtitle sc_align_default sc_item_title_style_default\">T\u00e9moignages<\/h6><div class=\"sc_testimonials_slider sc_item_slider slides swiper-wrapper\"><div class=\"swiper-slide\"><div class=\"sc_testimonials_item\">\n\t<div class=\"sc_testimonials_item_content\"><p>Travail propre. R\u00e9ponse rapide \u00e0 notre appel de service d\u2019urgence. Que pouvons-nous demander de plus? <\/p>\n<\/div>\n\t<div class=\"sc_testimonials_item_author\">\n\t\t\t\t<div class=\"sc_testimonials_item_author_data\">\n\t\t\t<h4 class=\"sc_testimonials_item_author_title\">Mike et Joanne H.<\/h4>\n\t\t\t<div class=\"sc_testimonials_item_author_subtitle\"><\/div>\n\t\t<\/div>\n\t<\/div>\n<\/div>\n<\/div><div class=\"swiper-slide\"><div class=\"sc_testimonials_item\">\n\t<div class=\"sc_testimonials_item_content\"><p>Parler au t\u00e9l\u00e9phone avec un technicien \u00e9tait facile! Je croyais que ma situation \u00e9tait compliqu\u00e9e, mais il me l\u2019a simplifi\u00e9e. Il m\u2019a expliqu\u00e9 exactement ce que je devais faire avec les serrures lorsque j\u2019ai achet\u00e9 mon nouveau condo! Il m\u2019a permis de me sentir en s\u00e9curit\u00e9 et m\u2019a fait \u00e9conomiser de l\u2019argent en utilisant la serrure Medeco originale, mais a chang\u00e9 la combinaison et m\u2019a donn\u00e9 une nouvelle carte de signature et des cl\u00e9s. Je vais certainement faire appel \u00e0 ses services \u00e0 nouveau! Merci! <\/p>\n<\/div>\n\t<div class=\"sc_testimonials_item_author\">\n\t\t\t\t<div class=\"sc_testimonials_item_author_data\">\n\t\t\t<h4 class=\"sc_testimonials_item_author_title\">Catherine B.<\/h4>\n\t\t\t<div class=\"sc_testimonials_item_author_subtitle\"><\/div>\n\t\t<\/div>\n\t<\/div>\n<\/div>\n<\/div><div class=\"swiper-slide\"><div class=\"sc_testimonials_item\">\n\t<div class=\"sc_testimonials_item_content\"><p>Le technicien est venu et a r\u00e9solu le probl\u00e8me de ma poign\u00e9e de porte! Il l\u2019a d\u00e9mont\u00e9e et a tout de suite remarqu\u00e9 la pi\u00e8ce cass\u00e9e \u00e0 l\u2019int\u00e9rieur! En vingt minutes, il est parti de ma maison et est revenu avec une nouvelle pi\u00e8ce et a imm\u00e9diatement r\u00e9par\u00e9 la poign\u00e9e! Excellent service et sourire amical. Je recommanderais ses services sans probl\u00e8mes! <\/p>\n<\/div>\n\t<div class=\"sc_testimonials_item_author\">\n\t\t\t\t<div class=\"sc_testimonials_item_author_data\">\n\t\t\t<h4 class=\"sc_testimonials_item_author_title\">Rene L.<\/h4>\n\t\t\t<div class=\"sc_testimonials_item_author_subtitle\"><\/div>\n\t\t<\/div>\n\t<\/div>\n<\/div>\n<\/div><div class=\"swiper-slide\"><div class=\"sc_testimonials_item\">\n\t<div class=\"sc_testimonials_item_content\"><p>J\u2019ai appel\u00e9 514 Locksmith vers 23 h 30 lorsque je me suis retrouv\u00e9 enferm\u00e9 dehors de ma maison. C\u2019est le meilleur service que j\u2019ai eu aupr\u00e8s d\u2019un serrurier \u00e0 Montr\u00e9al. Il est arriv\u00e9 dans une vingtaine minutes, \u00e9tait extr\u00eamement poli et amical, et en seulement trois minutes, il m\u2019a permis de rentrer chez moi. Je recommande fortement cette entreprise \u00e0 tous ceux qui ont besoin d\u2019aide en mati\u00e8re de serrurerie. Merci de votre aide. <\/p>\n<\/div>\n\t<div class=\"sc_testimonials_item_author\">\n\t\t\t\t<div class=\"sc_testimonials_item_author_data\">\n\t\t\t<h4 class=\"sc_testimonials_item_author_title\">Anonymous<\/h4>\n\t\t\t<div class=\"sc_testimonials_item_author_subtitle\"><\/div>\n\t\t<\/div>\n\t<\/div>\n<\/div>\n<\/div><\/div><div class=\"slider_pagination_wrap swiper-pagination\"><\/div><\/div><!-- \/.sc_testimonials --><\/div>[vc_empty_space alter_height=\"huge\" hide_on_mobile=\"\"][\/vc_column][\/vc_row]<\/div>[\/vc_column][\/vc_row][vc_row disable_element=\u00a0\u00bbyes\u00a0\u00bb css=\u00a0\u00bb.vc_custom_1531499565085{padding-top: 0px !important;padding-bottom: 0px !important;}\u00a0\u00bb][vc_column][vc_empty_space alter_height=\u00a0\u00bbhuge\u00a0\u00bb hide_on_mobile=\u00a0\u00bb\u00a0\u00bb][\/vc_column][\/vc_row][vc_row full_width=\u00a0\u00bbstretch_row\u00a0\u00bb disable_element=\u00a0\u00bbyes\u00a0\u00bb css=\u00a0\u00bb.vc_custom_1531499508906{padding-top: 0px !important;background-color: #ffffff !important;}\u00a0\u00bb][vc_column][vc_column_text]<\/p>\n<h1>Our Prices<\/h1>\n<p>[\/vc_column_text][\/vc_column][\/vc_row][vc_row full_width=\u00a0\u00bbstretch_row\u00a0\u00bb disable_element=\u00a0\u00bbyes\u00a0\u00bb css=\u00a0\u00bb.vc_custom_1531499514852{padding-top: 0px !important;padding-bottom: 0px !important;background-color: #ffffff !important;}\u00a0\u00bb][vc_column width=\u00a0\u00bb1\/3&Prime; css=\u00a0\u00bb.vc_custom_1487699058384{background-color: #ffffff !important;}\u00a0\u00bb]<div  id=\"sc_price_1738485498\"\tclass=\"sc_price sc_price_default\">\t<div class=\"sc_price_info\">\n\t\t<div class=\"sc_price_header\">\n\t\t<div class=\"sc_price_price\"><span class=\"sc_price_value\">$199<\/span><\/div><div class=\"sc_price_title\"><a href=\"#\">Basic Plan<\/a><\/div>\t\t<\/div>\n\t\t<div class=\"sc_price_content\">\n\t\t<div class=\"sc_price_details\"><\/p>\n<ul class=\"trx_addons_list_success\">\n<li>Free Clients Support<\/li>\n<li>Easy Implementation<\/li>\n<li>Great Private Policy<\/li>\n<\/ul>\n<p><\/div><a href=\"#\" class=\"sc_price_link\">order now<\/a>\t\t<\/div>\n\t<\/div>\n<\/div>\n[vc_empty_space alter_height=\u00a0\u00bbsmall\u00a0\u00bb hide_on_mobile=\u00a0\u00bb2&Prime;][\/vc_column][vc_column width=\u00a0\u00bb1\/3&Prime; css=\u00a0\u00bb.vc_custom_1487699066918{background-color: #ffffff !important;}\u00a0\u00bb]<div  id=\"sc_price_1392152060\"\tclass=\"sc_price sc_price_default\">\t<div class=\"sc_price_info\">\n\t\t<div class=\"sc_price_header\">\n\t\t<div class=\"sc_price_price\"><span class=\"sc_price_value\">$399<\/span><\/div><div class=\"sc_price_title\"><a href=\"#\">Optimal Plan<\/a><\/div>\t\t<\/div>\n\t\t<div class=\"sc_price_content\">\n\t\t<div class=\"sc_price_details\"><\/p>\n<ul class=\"trx_addons_list_success\">\n<li>Free Clients Support<\/li>\n<li>Easy Implementation<\/li>\n<li>Great Private Policy<\/li>\n<\/ul>\n<p><\/div><a href=\"#\" class=\"sc_price_link\">order now<\/a>\t\t<\/div>\n\t<\/div>\n<\/div>\n[vc_empty_space alter_height=\u00a0\u00bbsmall\u00a0\u00bb hide_on_mobile=\u00a0\u00bb2&Prime;][\/vc_column][vc_column width=\u00a0\u00bb1\/3&Prime; css=\u00a0\u00bb.vc_custom_1487699080419{background-color: #ffffff !important;}\u00a0\u00bb]<div  id=\"sc_price_906007292\"\tclass=\"sc_price sc_price_default\">\t<div class=\"sc_price_info\">\n\t\t<div class=\"sc_price_header\">\n\t\t<div class=\"sc_price_price\"><span class=\"sc_price_value\">$599<\/span><\/div><div class=\"sc_price_title\"><a href=\"#\">Professional Plan<\/a><\/div>\t\t<\/div>\n\t\t<div class=\"sc_price_content\">\n\t\t<a href=\"#\" class=\"sc_price_link\">order now<\/a>\t\t<\/div>\n\t<\/div>\n<\/div>\n[vc_empty_space alter_height=\u00a0\u00bbhuge\u00a0\u00bb hide_on_mobile=\u00a0\u00bb\u00a0\u00bb][\/vc_column][\/vc_row][vc_row][vc_column][vc_column_text]<br \/>\n[\/vc_column_text][\/vc_column][\/vc_row][vc_row full_width=\u00a0\u00bbstretch_row_content\u00a0\u00bb][vc_column][vc_empty_space alter_height=\u00a0\u00bbhuge\u00a0\u00bb hide_on_mobile=\u00a0\u00bb\u00a0\u00bb]<div class=\"sc_layouts sc_layouts_default sc_layouts_1661\">[vc_row content_placement=\"middle\" row_delimiter=\"\" row_fixed=\"\" hide_on_mobile=\"\" hide_on_frontpage=\"\"][vc_column]<div class=\"sc_layouts_item\"><div id=\"widget_slider_2059524527\" class=\"widget_area sc_widget_slider vc_widget_slider wpb_content_element\"><aside id=\"widget_slider_2059524527_widget\" class=\"widget widget_slider\">\t\t\t<div class=\"slider_wrap slider_engine_swiper\">\n\t\t\t\t<div id=\"widget_slider_2059524527_outer\" class=\"slider_swiper_outer slider_style_default slider_outer_nocontrols slider_outer_nopagination slider_outer_titles_center slider_outer_multi\"><div id=\"widget_slider_2059524527_swiper\" class=\"slider_swiper swiper-slider-container slider_nocontrols slider_nopagination slider_titles_center slider_multi slider_noresize slider_height_auto slider_type_images\" data-ratio=\"16:9\" data-interval=\"5000\" data-effect=\"slide\" data-pagination=\"bullets\" data-slides-per-view=\"6\" data-slides-space=\"10\">\n\t\t\t\t\t\t<div class=\"swiper-wrapper\"><div  class=\"swiper-slide\" data-image=\"https:\/\/514locksmith.com\/wp-content\/uploads\/2017\/03\/multlock-logo2-1.png\" style=\"\"><img src=\"https:\/\/514locksmith.com\/wp-content\/uploads\/2017\/03\/multlock-logo2-1.png\" alt=\"\"><\/div><div  class=\"swiper-slide\" data-image=\"https:\/\/514locksmith.com\/wp-content\/uploads\/2017\/03\/medeco-logo2.png\" style=\"\"><img src=\"https:\/\/514locksmith.com\/wp-content\/uploads\/2017\/03\/medeco-logo2.png\" alt=\"\"><\/div><div  class=\"swiper-slide\" data-image=\"https:\/\/514locksmith.com\/wp-content\/uploads\/2017\/03\/yalelogo2.png\" style=\"\"><img src=\"https:\/\/514locksmith.com\/wp-content\/uploads\/2017\/03\/yalelogo2.png\" alt=\"\"><\/div><div  class=\"swiper-slide\" data-image=\"https:\/\/514locksmith.com\/wp-content\/uploads\/2017\/03\/best-logo2.png\" style=\"\"><img src=\"https:\/\/514locksmith.com\/wp-content\/uploads\/2017\/03\/best-logo2.png\" alt=\"\"><a href=\"http:\/\/www.bestaccess.com\/\" class=\"slide_link\"><\/a><\/div><div  class=\"swiper-slide\" data-image=\"https:\/\/514locksmith.com\/wp-content\/uploads\/2017\/03\/assa-logo2.png\" style=\"\"><img src=\"https:\/\/514locksmith.com\/wp-content\/uploads\/2017\/03\/assa-logo2.png\" alt=\"\"><\/div><div  class=\"swiper-slide\" data-image=\"https:\/\/514locksmith.com\/wp-content\/uploads\/2017\/03\/master-lock.png\" style=\"\"><img src=\"https:\/\/514locksmith.com\/wp-content\/uploads\/2017\/03\/master-lock.png\" alt=\"\"><\/div><div  class=\"swiper-slide\" data-image=\"https:\/\/514locksmith.com\/wp-content\/uploads\/2017\/03\/ilco.png\" style=\"\"><img src=\"https:\/\/514locksmith.com\/wp-content\/uploads\/2017\/03\/ilco.png\" alt=\"\"><\/div><div  class=\"swiper-slide\" data-image=\"https:\/\/514locksmith.com\/wp-content\/uploads\/2017\/03\/adams-right.png\" style=\"\"><img src=\"https:\/\/514locksmith.com\/wp-content\/uploads\/2017\/03\/adams-right.png\" alt=\"\"><\/div><div  class=\"swiper-slide\" data-image=\"https:\/\/514locksmith.com\/wp-content\/uploads\/2017\/03\/weiser-logo.png\" style=\"\"><img src=\"https:\/\/514locksmith.com\/wp-content\/uploads\/2017\/03\/weiser-logo.png\" alt=\"\"><\/div><div  class=\"swiper-slide\" data-image=\"https:\/\/514locksmith.com\/wp-content\/uploads\/2017\/03\/stanleylocks.png\" style=\"\"><img src=\"https:\/\/514locksmith.com\/wp-content\/uploads\/2017\/03\/stanleylocks.png\" alt=\"\"><\/div><div  class=\"swiper-slide\" data-image=\"https:\/\/514locksmith.com\/wp-content\/uploads\/2017\/03\/Schlage-lock.png\" style=\"\"><img src=\"https:\/\/514locksmith.com\/wp-content\/uploads\/2017\/03\/Schlage-lock.png\" alt=\"\"><\/div><\/div><\/div><\/div>\t\t\t<\/div>\n\t\t\t<\/aside><\/div><\/div>[\/vc_column][\/vc_row]<\/div>[vc_empty_space alter_height=\u00a0\u00bbhuge\u00a0\u00bb hide_on_mobile=\u00a0\u00bb\u00a0\u00bb][\/vc_column][\/vc_row][vc_row][vc_column][vc_column_text]<\/p>\n<p>[\/vc_column_text][\/vc_column][\/vc_row]<\/p>\n","protected":false},"excerpt":{"rendered":"<p>[vc_row css=\u00a0\u00bb.vc_custom_1488969878319{padding-top: 0px !important;padding-bottom: 0px !important;}\u00a0\u00bb][vc_column][vc_empty_space alter_height=\u00a0\u00bbhuge\u00a0\u00bb hide_on_mobile=\u00a0\u00bb\u00a0\u00bb][\/vc_column][\/vc_row][vc_row full_width=\u00a0\u00bbstretch_row\u00a0\u00bb css=\u00a0\u00bb.vc_custom_1488971430296{padding-bottom: 0px !important;}\u00a0\u00bb][vc_column][vc_column_text] Smart Locks Les serrures de porte intelligentes offrent des fonctionnalit\u00e9s sophistiqu\u00e9es de \u00ab\u2009contr\u00f4le d\u2019acc\u00e8s\u2009\u00bb \u00e0 toute maison ou&hellip;<\/p>\n","protected":false},"author":2,"featured_media":0,"parent":0,"menu_order":0,"comment_status":"closed","ping_status":"closed","template":"","meta":[],"_links":{"self":[{"href":"https:\/\/514locksmith.com\/fr\/wp-json\/wp\/v2\/pages\/1642"}],"collection":[{"href":"https:\/\/514locksmith.com\/fr\/wp-json\/wp\/v2\/pages"}],"about":[{"href":"https:\/\/514locksmith.com\/fr\/wp-json\/wp\/v2\/types\/page"}],"author":[{"embeddable":true,"href":"https:\/\/514locksmith.com\/fr\/wp-json\/wp\/v2\/users\/2"}],"replies":[{"embeddable":true,"href":"https:\/\/514locksmith.com\/fr\/wp-json\/wp\/v2\/comments?post=1642"}],"version-history":[{"count":5,"href":"https:\/\/514locksmith.com\/fr\/wp-json\/wp\/v2\/pages\/1642\/revisions"}],"predecessor-version":[{"id":2111,"href":"https:\/\/514locksmith.com\/fr\/wp-json\/wp\/v2\/pages\/1642\/revisions\/2111"}],"wp:attachment":[{"href":"https:\/\/514locksmith.com\/fr\/wp-json\/wp\/v2\/media?parent=1642"}],"curies":[{"name":"wp","href":"https:\/\/api.w.org\/{rel}","templated":true}]}}