{"id":1603,"date":"2018-11-05T21:11:36","date_gmt":"2018-11-05T21:11:36","guid":{"rendered":"http:\/\/514locksmith.com\/?page_id=1603"},"modified":"2018-11-16T17:33:51","modified_gmt":"2018-11-16T17:33:51","slug":"integrator","status":"publish","type":"page","link":"https:\/\/514locksmith.com\/fr\/serrures-a-cle-a-haute-securite\/mul-t-lock\/integrator\/","title":{"rendered":"Integrator\u00ae"},"content":{"rendered":"<p>[vc_row css=\u00a0\u00bb.vc_custom_1488969878319{padding-top: 0px !important;padding-bottom: 0px !important;}\u00a0\u00bb][vc_column][vc_empty_space alter_height=\u00a0\u00bbhuge\u00a0\u00bb hide_on_mobile=\u00a0\u00bb\u00a0\u00bb][\/vc_column][\/vc_row][vc_row full_width=\u00a0\u00bbstretch_row\u00a0\u00bb css=\u00a0\u00bb.vc_custom_1488971430296{padding-bottom: 0px !important;}\u00a0\u00bb][vc_column][vc_column_text]La plate-forme m\u00e9canique Integrator de Mul-T-Lock comporte un m\u00e9canisme de haute pr\u00e9cision \u00e0 sept goupilles, des cl\u00e9s \u00e0 blanc coup\u00e9es ovales d\u2019usine et brevet\u00e9es, ainsi que des goupilles de lancement uniques.<\/p>\n<p>La goupille \u00e0 longue dur\u00e9e de vie d\u2019Integrator permet une grande vari\u00e9t\u00e9 d\u2019options du syst\u00e8me de cl\u00e9s, et une solution de cl\u00e9 ma\u00eetresse pour diff\u00e9rents produits de verrouillage et environnements.<\/p>\n<p><strong>Avantages de la solution Integrator<\/strong><\/p>\n<p>R\u00e9sistance renforc\u00e9e aux effractions \u2014 gr\u00e2ce \u00e0 une combinaison d\u2019\u00e9l\u00e9ments de conception unique.<\/p>\n<p>Options de passe-partout \u2014 supporte les besoins op\u00e9rationnels et organisationnels complexes.<\/p>\n<p>Compl\u00e8te et \u00e9conomique \u2014 peut se combiner avec des syst\u00e8mes aux normes de haute s\u00e9curit\u00e9 pour satisfaire divers besoins de s\u00e9curit\u00e9.<\/p>\n<p>Contr\u00f4le de cl\u00e9s avanc\u00e9 \u2014 par carte cod\u00e9e Mul-T-Lock unique, lisible uniquement par les concessionnaires Mul-T-Lock autoris\u00e9s.<\/p>\n<p>Choix de formats \u2014 cylindres, cadenas, serrures et beaucoup plus \u2014 une cl\u00e9 universelle qui ouvre tout.<\/p>\n<p><strong>Fonctionnalit\u00e9s de la solution Integrator<\/strong><\/p>\n<p>Options de cl\u00e9s flexibles \u2014 disponibles par coupes sp\u00e9ciales sur cl\u00e9s Integrator, dont des coupes internes, externes et jumelles.<\/p>\n<p>Contr\u00f4le de cl\u00e9 et de cylindre complet \u2014 con\u00e7u pour satisfaire divers besoins\u00a0:<\/p>\n<p>Syst\u00e8mes avec passe-partout \u2014 attribue divers niveaux d\u2019acc\u00e8s \u00e0 une cl\u00e9 d\u2019utilisateur.<\/p>\n<p>Cl\u00e9s diff\u00e9rentes \u2014 permet d\u2019acc\u00e9der \u00e0 chaque porte avec une cl\u00e9 diff\u00e9rente.<\/p>\n<p>Cl\u00e9s identiques \u2014 permet d\u2019acc\u00e9der \u00e0 plusieurs portes avec une cl\u00e9 unique.<\/p>\n<p>Cl\u00e9s\u00a03-en-1 \u2014 permet de changer instantan\u00e9ment la combinaison d\u2019une serrure jusqu\u2019\u00e0 deux\u00a0fois en tournant simplement une cl\u00e9.<\/p>\n<p>Cl\u00e9s de construction \u2014 fournit un acc\u00e8s \u00e0 plusieurs portes \u00e0 l\u2019aide d\u2019une cl\u00e9 commune, puis passe instantan\u00e9ment \u00e0 des combinaisons uniques lorsque n\u00e9cessaire, ce qui rend alors la cl\u00e9 commune inutilisable.<\/p>\n<p>S\u00e9curit\u00e9 contre les effractions \u2014 dissuade les tentatives d\u2019intrusions gr\u00e2ce \u00e0 un cylindre visible, r\u00e9sistant aux bris.[\/vc_column_text][vc_empty_space alter_height=\u00a0\u00bbhuge\u00a0\u00bb hide_on_mobile=\u00a0\u00bb\u00a0\u00bb][vc_row_inner][vc_column_inner width=\u00a0\u00bb1\/6&Prime;][\/vc_column_inner][vc_column_inner width=\u00a0\u00bb2\/3&Prime;][vc_images_carousel images=\u00a0\u00bb1363,1362,1361,1364,1365&Prime; img_size=\u00a0\u00bbfull\u00a0\u00bb autoplay=\u00a0\u00bbyes\u00a0\u00bb hide_prev_next_buttons=\u00a0\u00bbyes\u00a0\u00bb wrap=\u00a0\u00bbyes\u00a0\u00bb][\/vc_column_inner][vc_column_inner width=\u00a0\u00bb1\/6&Prime;][\/vc_column_inner][\/vc_row_inner][vc_empty_space height=\u00a0\u00bb64px\u00a0\u00bb alter_height=\u00a0\u00bbhuge\u00a0\u00bb hide_on_mobile=\u00a0\u00bb\u00a0\u00bb][\/vc_column][\/vc_row]<\/p>\n<p>[vc_row full_width=\u00a0\u00bbstretch_row_content\u00a0\u00bb equal_height=\u00a0\u00bbyes\u00a0\u00bb content_placement=\u00a0\u00bbmiddle\u00a0\u00bb scheme=\u00a0\u00bbdark\u00a0\u00bb el_id=\u00a0\u00bbsecurity_services\u00a0\u00bb][vc_column width=\u00a0\u00bb1\/2&Prime; css=\u00a0\u00bb.vc_custom_1530907305502{background-image: url(https:\/\/514locksmith.com\/wp-content\/uploads\/2017\/03\/bg_about1_01.jpg?id=642) !important;background-position: center !important;background-repeat: no-repeat !important;background-size: cover !important;}\u00a0\u00bb][vc_empty_space alter_height=\u00a0\u00bbhuge\u00a0\u00bb hide_on_mobile=\u00a0\u00bb\u00a0\u00bb][vc_column_text]<\/p>\n<h2>Services \u00e0 haute s\u00e9curit\u00e9<\/h2>\n<p>[\/vc_column_text][vc_row_inner][vc_column_inner width=\u00a0\u00bb1\/2&Prime;][vc_column_text]<\/p>\n<ul class=\"trx_addons_list_dot\">\n<li>Serrures Medeco<\/li>\n<li>Mul-T-Lock<\/li>\n<li>Syst\u00e8me de surveillance par cam\u00e9ra<\/li>\n<\/ul>\n<p>[\/vc_column_text][\/vc_column_inner][vc_column_inner width=\u00a0\u00bb1\/2&Prime;][vc_column_text]<\/p>\n<ul class=\"trx_addons_list_dot\">\n<li>Syst\u00e8mes de cartes laissez-passer \u00e9lectriques<\/li>\n<li>Grilles de protection en acier<\/li>\n<li>Grilles en accord\u00e9on<\/li>\n<li>Serrures sp\u00e9cialis\u00e9es pour portes en verre<\/li>\n<\/ul>\n<p>[\/vc_column_text][\/vc_column_inner][\/vc_row_inner][vc_empty_space alter_height=\u00a0\u00bbhuge\u00a0\u00bb hide_on_mobile=\u00a0\u00bb\u00a0\u00bb][\/vc_column][vc_column width=\u00a0\u00bb1\/2&Prime; css=\u00a0\u00bb.vc_custom_1530907315084{background-image: url(https:\/\/514locksmith.com\/wp-content\/uploads\/2018\/07\/flashbg-1.jpg?id=843) !important;background-position: center !important;background-repeat: no-repeat !important;background-size: cover !important;}\u00a0\u00bb][vc_empty_space alter_height=\u00a0\u00bbhuge\u00a0\u00bb hide_on_mobile=\u00a0\u00bb\u00a0\u00bb][vc_column_text]<\/p>\n<h2>D\u00e9lai de r\u00e9ponse rapide garanti<\/h2>\n<h1>514-502-9096<\/h1>\n<p>[\/vc_column_text][vc_empty_space alter_height=\u00a0\u00bbhuge\u00a0\u00bb hide_on_mobile=\u00a0\u00bb\u00a0\u00bb][\/vc_column][\/vc_row][vc_row full_width=\u00a0\u00bbstretch_row\u00a0\u00bb disable_element=\u00a0\u00bbyes\u00a0\u00bb css=\u00a0\u00bb.vc_custom_1530902803615{padding-top: 0px !important;}\u00a0\u00bb][vc_column width=\u00a0\u00bb1\/2&Prime;][vc_column_text]<\/p>\n<ul>\n<li>To get a pre-purchase advice, you may post in the theme\u2019s forum.<\/li>\n<li>To get a response more promptly, you are recommended to use our Ticket-system.<\/li>\n<li>We try to answer your questions within 1-10 hours. However, if any delay occurs, it doesn\u2019t mean that we forgot about you. Some of the issues require testing and analyzing, so we can resolve it effectively.<\/li>\n<\/ul>\n<p>[\/vc_column_text][\/vc_column][vc_column width=\u00a0\u00bb1\/2&Prime;][vc_column_text]<\/p>\n<ul>\n<li>Please note! We do not provide support, if you do not have the purchase code.<\/li>\n<li>Item support does not include:\n<ol>\n<li>Customization and installation.<\/li>\n<li>Support for third party software and plugins.<\/li>\n<\/ol>\n<\/li>\n<\/ul>\n<p>[\/vc_column_text][\/vc_column][\/vc_row][vc_row full_width=\u00a0\u00bbstretch_row_content\u00a0\u00bb][vc_column][vc_empty_space alter_height=\u00a0\u00bbhuge\u00a0\u00bb hide_on_mobile=\u00a0\u00bb\u00a0\u00bb]<div class=\"sc_layouts sc_layouts_default sc_layouts_710\">[vc_row content_placement=\"middle\" row_delimiter=\"\" row_fixed=\"\" hide_on_mobile=\"\" hide_on_frontpage=\"\"][vc_column]<div class=\"sc_layouts_item\"><div id=\"widget_slider_1601338315\" class=\"widget_area sc_widget_slider vc_widget_slider wpb_content_element\"><aside id=\"widget_slider_1601338315_widget\" class=\"widget widget_slider\">\t\t\t<div class=\"slider_wrap slider_engine_swiper\">\n\t\t\t\t<div id=\"widget_slider_1601338315_outer\" class=\"slider_swiper_outer slider_style_default slider_outer_nocontrols slider_outer_nopagination slider_outer_titles_center slider_outer_multi\"><div id=\"widget_slider_1601338315_swiper\" class=\"slider_swiper swiper-slider-container slider_nocontrols slider_nopagination slider_titles_center slider_multi slider_noresize slider_height_auto slider_type_images\" data-ratio=\"16:9\" data-interval=\"5000\" data-effect=\"slide\" data-pagination=\"bullets\" data-slides-per-view=\"6\" data-slides-space=\"10\">\n\t\t\t\t\t\t<div class=\"swiper-wrapper\"><div  class=\"swiper-slide\" data-image=\"https:\/\/514locksmith.com\/wp-content\/uploads\/2017\/03\/multlock-logo2-1.png\" style=\"\"><img src=\"https:\/\/514locksmith.com\/wp-content\/uploads\/2017\/03\/multlock-logo2-1.png\" alt=\"\"><\/div><div  class=\"swiper-slide\" data-image=\"https:\/\/514locksmith.com\/wp-content\/uploads\/2017\/03\/medeco-logo2.png\" style=\"\"><img src=\"https:\/\/514locksmith.com\/wp-content\/uploads\/2017\/03\/medeco-logo2.png\" alt=\"\"><\/div><div  class=\"swiper-slide\" data-image=\"https:\/\/514locksmith.com\/wp-content\/uploads\/2017\/03\/yalelogo2.png\" style=\"\"><img src=\"https:\/\/514locksmith.com\/wp-content\/uploads\/2017\/03\/yalelogo2.png\" alt=\"\"><\/div><div  class=\"swiper-slide\" data-image=\"https:\/\/514locksmith.com\/wp-content\/uploads\/2017\/03\/best-logo2.png\" style=\"\"><img src=\"https:\/\/514locksmith.com\/wp-content\/uploads\/2017\/03\/best-logo2.png\" alt=\"\"><a href=\"http:\/\/www.bestaccess.com\/\" class=\"slide_link\"><\/a><\/div><div  class=\"swiper-slide\" data-image=\"https:\/\/514locksmith.com\/wp-content\/uploads\/2017\/03\/assa-logo2.png\" style=\"\"><img src=\"https:\/\/514locksmith.com\/wp-content\/uploads\/2017\/03\/assa-logo2.png\" alt=\"\"><\/div><div  class=\"swiper-slide\" data-image=\"https:\/\/514locksmith.com\/wp-content\/uploads\/2017\/03\/master-lock.png\" style=\"\"><img src=\"https:\/\/514locksmith.com\/wp-content\/uploads\/2017\/03\/master-lock.png\" alt=\"\"><\/div><div  class=\"swiper-slide\" data-image=\"https:\/\/514locksmith.com\/wp-content\/uploads\/2017\/03\/ilco.png\" style=\"\"><img src=\"https:\/\/514locksmith.com\/wp-content\/uploads\/2017\/03\/ilco.png\" alt=\"\"><\/div><div  class=\"swiper-slide\" data-image=\"https:\/\/514locksmith.com\/wp-content\/uploads\/2017\/03\/adams-right.png\" style=\"\"><img src=\"https:\/\/514locksmith.com\/wp-content\/uploads\/2017\/03\/adams-right.png\" alt=\"\"><\/div><div  class=\"swiper-slide\" data-image=\"https:\/\/514locksmith.com\/wp-content\/uploads\/2017\/03\/weiser-logo.png\" style=\"\"><img src=\"https:\/\/514locksmith.com\/wp-content\/uploads\/2017\/03\/weiser-logo.png\" alt=\"\"><\/div><div  class=\"swiper-slide\" data-image=\"https:\/\/514locksmith.com\/wp-content\/uploads\/2017\/03\/stanleylocks.png\" style=\"\"><img src=\"https:\/\/514locksmith.com\/wp-content\/uploads\/2017\/03\/stanleylocks.png\" alt=\"\"><\/div><div  class=\"swiper-slide\" data-image=\"https:\/\/514locksmith.com\/wp-content\/uploads\/2017\/03\/Schlage-lock.png\" style=\"\"><img src=\"https:\/\/514locksmith.com\/wp-content\/uploads\/2017\/03\/Schlage-lock.png\" alt=\"\"><\/div><\/div><\/div><\/div>\t\t\t<\/div>\n\t\t\t<\/aside><\/div><\/div>[\/vc_column][\/vc_row]<\/div>[vc_empty_space alter_height=\u00a0\u00bbhuge\u00a0\u00bb hide_on_mobile=\u00a0\u00bb\u00a0\u00bb][\/vc_column][\/vc_row][vc_row full_width=\u00a0\u00bbstretch_row\u00a0\u00bb disable_element=\u00a0\u00bbyes\u00a0\u00bb css=\u00a0\u00bb.vc_custom_1530902812417{padding-bottom: 0px !important;}\u00a0\u00bb][vc_column]<div id=\"sc_title_455662872\"\n\t\tclass=\"sc_title sc_title_default\"><h3 class=\"sc_item_title sc_title_title sc_align_center sc_item_title_style_default\">How to use our Support System<\/h3><\/div><!-- \/.sc_title -->[\/vc_column][\/vc_row][vc_row full_width=\u00a0\u00bbstretch_row\u00a0\u00bb disable_element=\u00a0\u00bbyes\u00a0\u00bb css=\u00a0\u00bb.vc_custom_1530902818329{padding-top: 0px !important;}\u00a0\u00bb][vc_column width=\u00a0\u00bb1\/2&Prime;][vc_single_image image=\u00a0\u00bb29&Prime; img_size=\u00a0\u00bb525&#215;300&Prime;][\/vc_column][vc_column width=\u00a0\u00bb1\/2&Prime;][vc_column_text]Axiom technical support is always there to assist their users with all the technical questions regarding their products.<\/p>\n<ol>\n<li>In the \u2018Item Details\u2019 there is a clickable banner \u201cSupport Sys\u201d, which leads you to tickets.<\/li>\n<li>Or you may simply follow this link: <a href=\"https:\/\/axiom.ticksy.com\/\">axiom.ticksy.com.<\/a><\/li>\n<li>Enter your purchase key and register in the system.<\/li>\n<li>To avoid a confusion, please use your own ThemeForest login in Support System.<\/li>\n<li>Fill out the ticket form.<\/li>\n<\/ol>\n<p>[\/vc_column_text][\/vc_column][\/vc_row][vc_row disable_element=\u00a0\u00bbyes\u00a0\u00bb][vc_column][vc_empty_space alter_height=\u00a0\u00bbsmall\u00a0\u00bb hide_on_mobile=\u00a0\u00bb\u00a0\u00bb][vc_separator][\/vc_column][\/vc_row][vc_row full_width=\u00a0\u00bbstretch_row\u00a0\u00bb disable_element=\u00a0\u00bbyes\u00a0\u00bb css=\u00a0\u00bb.vc_custom_1530902898454{padding-bottom: 0px !important;}\u00a0\u00bb][vc_column]<div id=\"sc_title_1374025033\"\n\t\tclass=\"sc_title sc_title_default\"><h3 class=\"sc_item_title sc_title_title sc_align_center sc_item_title_style_default\">How to find a purchase key<\/h3><\/div><!-- \/.sc_title -->[\/vc_column][\/vc_row][vc_row full_width=\u00a0\u00bbstretch_row\u00a0\u00bb disable_element=\u00a0\u00bbyes\u00a0\u00bb css=\u00a0\u00bb.vc_custom_1530902824976{padding-top: 0px !important;}\u00a0\u00bb][vc_column width=\u00a0\u00bb1\/2&Prime;][vc_single_image image=\u00a0\u00bb30&Prime; img_size=\u00a0\u00bb650&#215;400&Prime;][\/vc_column][vc_column width=\u00a0\u00bb1\/2&Prime;][vc_empty_space alter_height=\u00a0\u00bbmedium\u00a0\u00bb hide_on_mobile=\u00a0\u00bb\u00a0\u00bb][vc_column_text]<\/p>\n<ul>\n<li>Open the \u201cdownloads\u201d tab in your account.<\/li>\n<li>Find our theme in the list of products.<\/li>\n<li>Click \u201cdownload\u201d button, and in the drop-down menu select \u201clicense certificate &amp; purchase code\u201d.<\/li>\n<\/ul>\n<p>[\/vc_column_text][\/vc_column][\/vc_row][vc_row disable_element=\u00a0\u00bbyes\u00a0\u00bb][vc_column][vc_separator][\/vc_column][\/vc_row][vc_row full_width=\u00a0\u00bbstretch_row\u00a0\u00bb disable_element=\u00a0\u00bbyes\u00a0\u00bb][vc_column]<div id=\"sc_title_529872309\"\n\t\tclass=\"sc_title sc_title_default\"><h3 class=\"sc_item_title sc_title_title sc_align_center sc_item_title_style_default\">Hosting<\/h3><div class=\"sc_item_descr sc_title_descr sc_align_center\">Recommended hostings:<\/div><\/div><!-- \/.sc_title -->[vc_column_text]<\/p>\n<p style=\"text-align: center;\">Axiom team offers only the best products and services and recommends them to their customers. One of the most important services is HOSTING. Unlike any cheap hostings that usually have limited resources which causes many problems to the site owners, quality hosting gives a client a fair amount of resources sufficient for any website and any task. By using quality hosting you can rest assured that your site will work smoothly. If you happen to use such hosting with limited resources (e.g. GoDaddy!), you may experience issues with \u201cone-click install\u201d feature. In that case, you are always welcome to contact our support team to get qualified help.<\/p>\n<p>[\/vc_column_text][\/vc_column][\/vc_row][vc_row full_width=\u00a0\u00bbstretch_row\u00a0\u00bb disable_element=\u00a0\u00bbyes\u00a0\u00bb][vc_column width=\u00a0\u00bb1\/2&Prime;][vc_single_image image=\u00a0\u00bb35&Prime; img_size=\u00a0\u00bb\u00a0\u00bb alignment=\u00a0\u00bbcenter\u00a0\u00bb onclick=\u00a0\u00bbcustom_link\u00a0\u00bb link=\u00a0\u00bbhttp:\/\/www.inmotionhosting.com\u00a0\u00bb][vc_column_text]<\/p>\n<p style=\"text-align: center; margin: 0;\"><a href=\"https:\/\/secure1.inmotionhosting.com\/cgi-bin\/gby\/clickthru.cgi?id=themerex\">http:\/\/www.inmotionhosting.com<\/a><\/p>\n<p style=\"text-align: center;\">Get more than <strong>30% discount<\/strong> on a hosting plan.<\/p>\n<p>[\/vc_column_text][vc_empty_space alter_height=\u00a0\u00bbmedium\u00a0\u00bb hide_on_mobile=\u00a0\u00bb\u00a0\u00bb][\/vc_column][vc_column width=\u00a0\u00bb1\/2&Prime;][vc_single_image image=\u00a0\u00bb36&Prime; img_size=\u00a0\u00bb\u00a0\u00bb alignment=\u00a0\u00bbcenter\u00a0\u00bb onclick=\u00a0\u00bbcustom_link\u00a0\u00bb link=\u00a0\u00bbhttp:\/\/mediatemple.net\u00a0\u00bb][vc_column_text]<\/p>\n<p style=\"text-align: center;\"><a href=\"http:\/\/mediatemple.net\">http:\/\/mediatemple.net<\/a><\/p>\n<p>[\/vc_column_text][vc_empty_space alter_height=\u00a0\u00bbmedium\u00a0\u00bb hide_on_mobile=\u00a0\u00bb\u00a0\u00bb][\/vc_column][\/vc_row]<\/p>\n","protected":false},"excerpt":{"rendered":"<p>[vc_row css=\u00a0\u00bb.vc_custom_1488969878319{padding-top: 0px !important;padding-bottom: 0px !important;}\u00a0\u00bb][vc_column][vc_empty_space alter_height=\u00a0\u00bbhuge\u00a0\u00bb hide_on_mobile=\u00a0\u00bb\u00a0\u00bb][\/vc_column][\/vc_row][vc_row full_width=\u00a0\u00bbstretch_row\u00a0\u00bb css=\u00a0\u00bb.vc_custom_1488971430296{padding-bottom: 0px !important;}\u00a0\u00bb][vc_column][vc_column_text]La plate-forme m\u00e9canique Integrator de Mul-T-Lock comporte un m\u00e9canisme de haute pr\u00e9cision \u00e0 sept goupilles, des cl\u00e9s \u00e0 blanc&hellip;<\/p>\n","protected":false},"author":2,"featured_media":0,"parent":1599,"menu_order":0,"comment_status":"closed","ping_status":"closed","template":"","meta":[],"_links":{"self":[{"href":"https:\/\/514locksmith.com\/fr\/wp-json\/wp\/v2\/pages\/1603"}],"collection":[{"href":"https:\/\/514locksmith.com\/fr\/wp-json\/wp\/v2\/pages"}],"about":[{"href":"https:\/\/514locksmith.com\/fr\/wp-json\/wp\/v2\/types\/page"}],"author":[{"embeddable":true,"href":"https:\/\/514locksmith.com\/fr\/wp-json\/wp\/v2\/users\/2"}],"replies":[{"embeddable":true,"href":"https:\/\/514locksmith.com\/fr\/wp-json\/wp\/v2\/comments?post=1603"}],"version-history":[{"count":0,"href":"https:\/\/514locksmith.com\/fr\/wp-json\/wp\/v2\/pages\/1603\/revisions"}],"up":[{"embeddable":true,"href":"https:\/\/514locksmith.com\/fr\/wp-json\/wp\/v2\/pages\/1599"}],"wp:attachment":[{"href":"https:\/\/514locksmith.com\/fr\/wp-json\/wp\/v2\/media?parent=1603"}],"curies":[{"name":"wp","href":"https:\/\/api.w.org\/{rel}","templated":true}]}}