{"id":1599,"date":"2018-11-05T21:10:09","date_gmt":"2018-11-05T21:10:09","guid":{"rendered":"http:\/\/514locksmith.com\/?page_id=1599"},"modified":"2018-11-16T17:36:09","modified_gmt":"2018-11-16T17:36:09","slug":"mul-t-lock","status":"publish","type":"page","link":"https:\/\/514locksmith.com\/fr\/serrures-a-cle-a-haute-securite\/mul-t-lock\/","title":{"rendered":"Mul T Lock"},"content":{"rendered":"<p>[vc_row css=\u00a0\u00bb.vc_custom_1488969878319{padding-top: 0px !important;padding-bottom: 0px !important;}\u00a0\u00bb][vc_column][vc_empty_space alter_height=\u00a0\u00bbhuge\u00a0\u00bb hide_on_mobile=\u00a0\u00bb\u00a0\u00bb][\/vc_column][\/vc_row][vc_row full_width=\u00a0\u00bbstretch_row\u00a0\u00bb css=\u00a0\u00bb.vc_custom_1488971430296{padding-bottom: 0px !important;}\u00a0\u00bb][vc_column width=\u00a0\u00bb2\/3&Prime;][vc_column_text]Depuis plus de quatre d\u00e9cennies, Mul-T-Lock\u00ae est l\u2019un des leaders mondiaux dans le d\u00e9veloppement, la fabrication et la vente de produits de verrouillage et de solutions de contr\u00f4le d\u2019acc\u00e8s de haute s\u00e9curit\u00e9 pour les institutions, entreprises, sites industriels et r\u00e9sidentiels.<\/p>\n<p>Mul-T-Lock est d\u00e9tenue enti\u00e8rement par ASSA ABLOY, leader mondial en mati\u00e8re de solutions d\u2019ouverture de porte.<\/p>\n<h3><strong>Les plus hauts standards internationaux<\/strong><\/h3>\n<p>Mul-T-Lock\u00ae s\u2019est b\u00e2ti une r\u00e9putation internationale par sa conception unique, la qualit\u00e9 de ses produits, son adaptation aux nouveaux besoins du march\u00e9 et l\u2019excellence de son service \u00e0 la client\u00e8le. Ses produits satisfont aux standards internationaux les plus exigeants, tels que UL, CEN, VDS, SKG, CPC, A2P et ISO 9001\/2000, ISO14001, SI 18\u2009001.<\/p>\n<h3><strong>Des produits innovants qui offrent une assurance en mati\u00e8re de s\u00e9curit\u00e9 et de confiance<\/strong><\/h3>\n<p>Mul-T-Lock\u00ae d\u00e9tient des centaines de brevets internationaux pour ses produits innovants, qui offrent s\u00e9curit\u00e9 et commodit\u00e9 d\u2019utilisation.[\/vc_column_text][vc_empty_space height=\u00a0\u00bb64px\u00a0\u00bb alter_height=\u00a0\u00bbhuge\u00a0\u00bb hide_on_mobile=\u00a0\u00bb\u00a0\u00bb][\/vc_column][vc_column width=\u00a0\u00bb1\/3&Prime;][vc_single_image image=\u00a0\u00bb891&Prime; img_size=\u00a0\u00bbfull\u00a0\u00bb alignment=\u00a0\u00bbcenter\u00a0\u00bb][\/vc_column][\/vc_row][vc_row full_width=\u00a0\u00bbstretch_row\u00a0\u00bb disable_element=\u00a0\u00bbyes\u00a0\u00bb css=\u00a0\u00bb.vc_custom_1536954827580{padding-bottom: 0px !important;}\u00a0\u00bb][vc_column width=\u00a0\u00bb2\/3&Prime;][vc_column_text]<a title=\"High Security Key Locks Mul-t-lock\" href=\"https:\/\/www.mul-t-lock.ca\/\" target=\"_blank\" rel=\"noopener\">Mul-T-Lock\u2019s<\/a> Interactive+ mechanical platform addresses High Security concerns while responding to functional needs.<\/p>\n<p>Building on four decades of extensive experience and the Interactive\u00ae key platform\u2019s proven technology and global success, Interactive+ utilizes patent technology for enhanced High Security.<\/p>\n<p>Available in all formats and product types, Interactive+ key platform provides advanced High Security and protection with a single key that can fit into all products for real convenience.<\/p>\n<p>Using advanced technology, Interactive+ combines an enhanced variation of the telescopic pin mechanism with a special patented floating element to meet the highest security standards.[\/vc_column_text][vc_empty_space height=\u00a0\u00bb64px\u00a0\u00bb alter_height=\u00a0\u00bbhuge\u00a0\u00bb hide_on_mobile=\u00a0\u00bb\u00a0\u00bb][\/vc_column][vc_column width=\u00a0\u00bb1\/3&Prime;][vc_single_image image=\u00a0\u00bb891&Prime; img_size=\u00a0\u00bbfull\u00a0\u00bb alignment=\u00a0\u00bbcenter\u00a0\u00bb][\/vc_column][\/vc_row][vc_row full_width=\u00a0\u00bbstretch_row\u00a0\u00bb css=\u00a0\u00bb.vc_custom_1488971430296{padding-bottom: 0px !important;}\u00a0\u00bb][vc_column width=\u00a0\u00bb1\/2&Prime;][vc_single_image image=\u00a0\u00bb1350&Prime; add_caption=\u00a0\u00bbyes\u00a0\u00bb alignment=\u00a0\u00bbcenter\u00a0\u00bb style=\u00a0\u00bbvc_box_border_circle\u00a0\u00bb onclick=\u00a0\u00bbcustom_link\u00a0\u00bb title=\u00a0\u00bbInteractive\u00ae+\u00a0\u00bb link=\u00a0\u00bb\/fr\/serrures-a-cle-a-haute-securite\/mul-t-lock\/interactive\/\u00a0\u00bb][vc_empty_space height=\u00a0\u00bb64px\u00a0\u00bb alter_height=\u00a0\u00bbhuge\u00a0\u00bb hide_on_mobile=\u00a0\u00bb\u00a0\u00bb][\/vc_column][vc_column width=\u00a0\u00bb1\/2&Prime;][vc_single_image image=\u00a0\u00bb1362&Prime; add_caption=\u00a0\u00bbyes\u00a0\u00bb alignment=\u00a0\u00bbcenter\u00a0\u00bb style=\u00a0\u00bbvc_box_border_circle_2&Prime; onclick=\u00a0\u00bbcustom_link\u00a0\u00bb link=\u00a0\u00bb\/fr\/serrures-a-cle-a-haute-securite\/mul-t-lock\/integrator\/\u00a0\u00bb title=\u00a0\u00bbIntegrator\u00ae\u00a0\u00bb][vc_empty_space height=\u00a0\u00bb64px\u00a0\u00bb alter_height=\u00a0\u00bbhuge\u00a0\u00bb hide_on_mobile=\u00a0\u00bb\u00a0\u00bb][\/vc_column][\/vc_row][vc_row full_width=\u00a0\u00bbstretch_row\u00a0\u00bb disable_element=\u00a0\u00bbyes\u00a0\u00bb css=\u00a0\u00bb.vc_custom_1536954936558{padding-bottom: 0px !important;}\u00a0\u00bb][vc_column][vc_column_text]<\/p>\n<h2>Mul-T-Lock\u2019s Interactive+ Solution Benefits:<\/h2>\n<ul>\n<li>Advanced Key Control \u2013 through unique coded Mul-T-Lock key card, only readable by authorized Mul-T-Lock dealers.<\/li>\n<li>Master Keying Options \u2013 supporting complex operational and organizational needs.<\/li>\n<li>Choice of Format \u2013 cylinders, padlocks, locks, electronic door solutions and more \u2013 one key fits them all.<\/li>\n<li>Increased Security Effectiveness \u2013 via patented High Security technology: keys and telescopic pins.<\/li>\n<\/ul>\n<p>Advanced Key Control \u2013 through unique coded Mul-T-Lock key card, only readable by authorized Mul-T-Lock dealers such as 514 Locksmith.<\/p>\n<h2><a href=\"\/interactive\/\">Mul-T-Lock\u2019s Interactive+<\/a> Solution Features<\/h2>\n<ul>\n<li>Comprehensive Key and Cylinder Control \u2013 to address a variety of needs:\n<ul>\n<li>Master Key Systems \u2013 assign various levels of access to a user\u2019s key.<\/li>\n<li>Keyed Different \u2013 access each door with a different key.<\/li>\n<li>Keyed Alike \u2013 access multiple doors with a single key.<\/li>\n<li>3-in-1 Keying \u2013 instantly change a lock\u2019s combination up to 2 times by simply turning a key.<\/li>\n<li>Construction Keying \u2013 provides access to multiple doors with a common key, then instantly switches to unique combinations when necessary, rendering the common key useless.<\/li>\n<li>FleX Control \u2013 Mechanically control access by using special keys.<\/li>\n<li>Modular Cylinder \u2013 gives you the flexibility to quickly and easily configure cylinder lengths according to customer needs.<\/li>\n<li>Break Secure \u2013 deters intrusion attempts via a visible, enhanced snap-resistant cylinder.<\/li>\n<\/ul>\n<\/li>\n<li>Flexible and CLIQ Compatible \u2013 add convenient access control by integrating the electromechanical CLIQ\u00ae platform to your Interactive system.<\/li>\n<\/ul>\n<h2>* Get an additional 2 FREE keys with a new installation when you mention that you saw this on our website!<br \/>\nCall us today!<\/h2>\n<p>[\/vc_column_text][vc_empty_space height=\u00a0\u00bb64px\u00a0\u00bb alter_height=\u00a0\u00bbhuge\u00a0\u00bb hide_on_mobile=\u00a0\u00bb\u00a0\u00bb][\/vc_column][\/vc_row][vc_row full_width=\u00a0\u00bbstretch_row_content\u00a0\u00bb equal_height=\u00a0\u00bbyes\u00a0\u00bb content_placement=\u00a0\u00bbmiddle\u00a0\u00bb scheme=\u00a0\u00bbdark\u00a0\u00bb el_id=\u00a0\u00bbsecurity_services\u00a0\u00bb][vc_column width=\u00a0\u00bb1\/2&Prime; css=\u00a0\u00bb.vc_custom_1530907305502{background-image: url(https:\/\/514locksmith.com\/wp-content\/uploads\/2017\/03\/bg_about1_01.jpg?id=642) !important;background-position: center !important;background-repeat: no-repeat !important;background-size: cover !important;}\u00a0\u00bb][vc_empty_space alter_height=\u00a0\u00bbhuge\u00a0\u00bb hide_on_mobile=\u00a0\u00bb\u00a0\u00bb][vc_column_text]<\/p>\n<h2>Services \u00e0 haute s\u00e9curit\u00e9<\/h2>\n<p>[\/vc_column_text][vc_row_inner][vc_column_inner width=\u00a0\u00bb1\/2&Prime;][vc_column_text]<\/p>\n<ul class=\"trx_addons_list_dot\">\n<li>Serrures Medeco<\/li>\n<li>Mul-T-Lock<\/li>\n<li>Syst\u00e8me de surveillance par cam\u00e9ra<\/li>\n<\/ul>\n<p>[\/vc_column_text][\/vc_column_inner][vc_column_inner width=\u00a0\u00bb1\/2&Prime;][vc_column_text]<\/p>\n<ul class=\"trx_addons_list_dot\">\n<li>Syst\u00e8mes de cartes laissez-passer \u00e9lectriques<\/li>\n<li>Grilles de protection en acier<\/li>\n<li>Grilles en accord\u00e9on<\/li>\n<li>Serrures sp\u00e9cialis\u00e9es pour portes en verre<\/li>\n<\/ul>\n<p>[\/vc_column_text][\/vc_column_inner][\/vc_row_inner][vc_empty_space alter_height=\u00a0\u00bbhuge\u00a0\u00bb hide_on_mobile=\u00a0\u00bb\u00a0\u00bb][\/vc_column][vc_column width=\u00a0\u00bb1\/2&Prime; css=\u00a0\u00bb.vc_custom_1530907315084{background-image: url(https:\/\/514locksmith.com\/wp-content\/uploads\/2018\/07\/flashbg-1.jpg?id=843) !important;background-position: center !important;background-repeat: no-repeat !important;background-size: cover !important;}\u00a0\u00bb][vc_empty_space alter_height=\u00a0\u00bbhuge\u00a0\u00bb hide_on_mobile=\u00a0\u00bb\u00a0\u00bb][vc_column_text]<\/p>\n<h2>D\u00e9lai de r\u00e9ponse rapide garanti<\/h2>\n<h1>514-502-9096<\/h1>\n<p>[\/vc_column_text][vc_empty_space alter_height=\u00a0\u00bbhuge\u00a0\u00bb hide_on_mobile=\u00a0\u00bb\u00a0\u00bb][\/vc_column][\/vc_row][vc_row full_width=\u00a0\u00bbstretch_row\u00a0\u00bb disable_element=\u00a0\u00bbyes\u00a0\u00bb css=\u00a0\u00bb.vc_custom_1530902803615{padding-top: 0px !important;}\u00a0\u00bb][vc_column width=\u00a0\u00bb1\/2&Prime;][vc_column_text]<\/p>\n<ul>\n<li>To get a pre-purchase advice, you may post in the theme\u2019s forum.<\/li>\n<li>To get a response more promptly, you are recommended to use our Ticket-system.<\/li>\n<li>We try to answer your questions within 1-10 hours. However, if any delay occurs, it doesn\u2019t mean that we forgot about you. Some of the issues require testing and analyzing, so we can resolve it effectively.<\/li>\n<\/ul>\n<p>[\/vc_column_text][\/vc_column][vc_column width=\u00a0\u00bb1\/2&Prime;][vc_column_text]<\/p>\n<ul>\n<li>Please note! We do not provide support, if you do not have the purchase code.<\/li>\n<li>Item support does not include:\n<ol>\n<li>Customization and installation.<\/li>\n<li>Support for third party software and plugins.<\/li>\n<\/ol>\n<\/li>\n<\/ul>\n<p>[\/vc_column_text][\/vc_column][\/vc_row][vc_row full_width=\u00a0\u00bbstretch_row_content\u00a0\u00bb][vc_column][vc_empty_space alter_height=\u00a0\u00bblarge\u00a0\u00bb hide_on_mobile=\u00a0\u00bb\u00a0\u00bb]<div class=\"sc_layouts sc_layouts_default sc_layouts_710\">[vc_row content_placement=\"middle\" row_delimiter=\"\" row_fixed=\"\" hide_on_mobile=\"\" hide_on_frontpage=\"\"][vc_column]<div class=\"sc_layouts_item\"><div id=\"widget_slider_220456875\" class=\"widget_area sc_widget_slider vc_widget_slider wpb_content_element\"><aside id=\"widget_slider_220456875_widget\" class=\"widget widget_slider\">\t\t\t<div class=\"slider_wrap slider_engine_swiper\">\n\t\t\t\t<div id=\"widget_slider_220456875_outer\" class=\"slider_swiper_outer slider_style_default slider_outer_nocontrols slider_outer_nopagination slider_outer_titles_center slider_outer_multi\"><div id=\"widget_slider_220456875_swiper\" class=\"slider_swiper swiper-slider-container slider_nocontrols slider_nopagination slider_titles_center slider_multi slider_noresize slider_height_auto slider_type_images\" data-ratio=\"16:9\" data-interval=\"5000\" data-effect=\"slide\" data-pagination=\"bullets\" data-slides-per-view=\"6\" data-slides-space=\"10\">\n\t\t\t\t\t\t<div class=\"swiper-wrapper\"><div  class=\"swiper-slide\" data-image=\"https:\/\/514locksmith.com\/wp-content\/uploads\/2017\/03\/multlock-logo2-1.png\" style=\"\"><img src=\"https:\/\/514locksmith.com\/wp-content\/uploads\/2017\/03\/multlock-logo2-1.png\" alt=\"\"><\/div><div  class=\"swiper-slide\" data-image=\"https:\/\/514locksmith.com\/wp-content\/uploads\/2017\/03\/medeco-logo2.png\" style=\"\"><img src=\"https:\/\/514locksmith.com\/wp-content\/uploads\/2017\/03\/medeco-logo2.png\" alt=\"\"><\/div><div  class=\"swiper-slide\" data-image=\"https:\/\/514locksmith.com\/wp-content\/uploads\/2017\/03\/yalelogo2.png\" style=\"\"><img src=\"https:\/\/514locksmith.com\/wp-content\/uploads\/2017\/03\/yalelogo2.png\" alt=\"\"><\/div><div  class=\"swiper-slide\" data-image=\"https:\/\/514locksmith.com\/wp-content\/uploads\/2017\/03\/best-logo2.png\" style=\"\"><img src=\"https:\/\/514locksmith.com\/wp-content\/uploads\/2017\/03\/best-logo2.png\" alt=\"\"><a href=\"http:\/\/www.bestaccess.com\/\" class=\"slide_link\"><\/a><\/div><div  class=\"swiper-slide\" data-image=\"https:\/\/514locksmith.com\/wp-content\/uploads\/2017\/03\/assa-logo2.png\" style=\"\"><img src=\"https:\/\/514locksmith.com\/wp-content\/uploads\/2017\/03\/assa-logo2.png\" alt=\"\"><\/div><div  class=\"swiper-slide\" data-image=\"https:\/\/514locksmith.com\/wp-content\/uploads\/2017\/03\/master-lock.png\" style=\"\"><img src=\"https:\/\/514locksmith.com\/wp-content\/uploads\/2017\/03\/master-lock.png\" alt=\"\"><\/div><div  class=\"swiper-slide\" data-image=\"https:\/\/514locksmith.com\/wp-content\/uploads\/2017\/03\/ilco.png\" style=\"\"><img src=\"https:\/\/514locksmith.com\/wp-content\/uploads\/2017\/03\/ilco.png\" alt=\"\"><\/div><div  class=\"swiper-slide\" data-image=\"https:\/\/514locksmith.com\/wp-content\/uploads\/2017\/03\/adams-right.png\" style=\"\"><img src=\"https:\/\/514locksmith.com\/wp-content\/uploads\/2017\/03\/adams-right.png\" alt=\"\"><\/div><div  class=\"swiper-slide\" data-image=\"https:\/\/514locksmith.com\/wp-content\/uploads\/2017\/03\/weiser-logo.png\" style=\"\"><img src=\"https:\/\/514locksmith.com\/wp-content\/uploads\/2017\/03\/weiser-logo.png\" alt=\"\"><\/div><div  class=\"swiper-slide\" data-image=\"https:\/\/514locksmith.com\/wp-content\/uploads\/2017\/03\/stanleylocks.png\" style=\"\"><img src=\"https:\/\/514locksmith.com\/wp-content\/uploads\/2017\/03\/stanleylocks.png\" alt=\"\"><\/div><div  class=\"swiper-slide\" data-image=\"https:\/\/514locksmith.com\/wp-content\/uploads\/2017\/03\/Schlage-lock.png\" style=\"\"><img src=\"https:\/\/514locksmith.com\/wp-content\/uploads\/2017\/03\/Schlage-lock.png\" alt=\"\"><\/div><\/div><\/div><\/div>\t\t\t<\/div>\n\t\t\t<\/aside><\/div><\/div>[\/vc_column][\/vc_row]<\/div>[vc_empty_space alter_height=\u00a0\u00bblarge\u00a0\u00bb hide_on_mobile=\u00a0\u00bb\u00a0\u00bb][\/vc_column][\/vc_row][vc_row full_width=\u00a0\u00bbstretch_row\u00a0\u00bb disable_element=\u00a0\u00bbyes\u00a0\u00bb css=\u00a0\u00bb.vc_custom_1530902812417{padding-bottom: 0px !important;}\u00a0\u00bb][vc_column]<div id=\"sc_title_1663696532\"\n\t\tclass=\"sc_title sc_title_default\"><h3 class=\"sc_item_title sc_title_title sc_align_center sc_item_title_style_default\">How to use our Support System<\/h3><\/div><!-- \/.sc_title -->[\/vc_column][\/vc_row][vc_row full_width=\u00a0\u00bbstretch_row\u00a0\u00bb disable_element=\u00a0\u00bbyes\u00a0\u00bb css=\u00a0\u00bb.vc_custom_1530902818329{padding-top: 0px !important;}\u00a0\u00bb][vc_column width=\u00a0\u00bb1\/2&Prime;][vc_single_image image=\u00a0\u00bb29&Prime; img_size=\u00a0\u00bb525&#215;300&Prime;][\/vc_column][vc_column width=\u00a0\u00bb1\/2&Prime;][vc_column_text]Axiom technical support is always there to assist their users with all the technical questions regarding their products.<\/p>\n<ol>\n<li>In the \u2018Item Details\u2019 there is a clickable banner \u201cSupport Sys\u201d, which leads you to tickets.<\/li>\n<li>Or you may simply follow this link: <a href=\"https:\/\/axiom.ticksy.com\/\">axiom.ticksy.com.<\/a><\/li>\n<li>Enter your purchase key and register in the system.<\/li>\n<li>To avoid a confusion, please use your own ThemeForest login in Support System.<\/li>\n<li>Fill out the ticket form.<\/li>\n<\/ol>\n<p>[\/vc_column_text][\/vc_column][\/vc_row][vc_row disable_element=\u00a0\u00bbyes\u00a0\u00bb][vc_column][vc_empty_space alter_height=\u00a0\u00bbsmall\u00a0\u00bb hide_on_mobile=\u00a0\u00bb\u00a0\u00bb][vc_separator][\/vc_column][\/vc_row][vc_row full_width=\u00a0\u00bbstretch_row\u00a0\u00bb disable_element=\u00a0\u00bbyes\u00a0\u00bb css=\u00a0\u00bb.vc_custom_1530902898454{padding-bottom: 0px !important;}\u00a0\u00bb][vc_column]<div id=\"sc_title_1102502153\"\n\t\tclass=\"sc_title sc_title_default\"><h3 class=\"sc_item_title sc_title_title sc_align_center sc_item_title_style_default\">How to find a purchase key<\/h3><\/div><!-- \/.sc_title -->[\/vc_column][\/vc_row][vc_row full_width=\u00a0\u00bbstretch_row\u00a0\u00bb disable_element=\u00a0\u00bbyes\u00a0\u00bb css=\u00a0\u00bb.vc_custom_1530902824976{padding-top: 0px !important;}\u00a0\u00bb][vc_column width=\u00a0\u00bb1\/2&Prime;][vc_single_image image=\u00a0\u00bb30&Prime; img_size=\u00a0\u00bb650&#215;400&Prime;][\/vc_column][vc_column width=\u00a0\u00bb1\/2&Prime;][vc_empty_space alter_height=\u00a0\u00bbmedium\u00a0\u00bb hide_on_mobile=\u00a0\u00bb\u00a0\u00bb][vc_column_text]<\/p>\n<ul>\n<li>Open the \u201cdownloads\u201d tab in your account.<\/li>\n<li>Find our theme in the list of products.<\/li>\n<li>Click \u201cdownload\u201d button, and in the drop-down menu select \u201clicense certificate &amp; purchase code\u201d.<\/li>\n<\/ul>\n<p>[\/vc_column_text][\/vc_column][\/vc_row][vc_row disable_element=\u00a0\u00bbyes\u00a0\u00bb][vc_column][vc_separator][\/vc_column][\/vc_row][vc_row full_width=\u00a0\u00bbstretch_row\u00a0\u00bb disable_element=\u00a0\u00bbyes\u00a0\u00bb][vc_column]<div id=\"sc_title_444958406\"\n\t\tclass=\"sc_title sc_title_default\"><h3 class=\"sc_item_title sc_title_title sc_align_center sc_item_title_style_default\">Hosting<\/h3><div class=\"sc_item_descr sc_title_descr sc_align_center\">Recommended hostings:<\/div><\/div><!-- \/.sc_title -->[vc_column_text]<\/p>\n<p style=\"text-align: center;\">Axiom team offers only the best products and services and recommends them to their customers. One of the most important services is HOSTING. Unlike any cheap hostings that usually have limited resources which causes many problems to the site owners, quality hosting gives a client a fair amount of resources sufficient for any website and any task. By using quality hosting you can rest assured that your site will work smoothly. If you happen to use such hosting with limited resources (e.g. GoDaddy!), you may experience issues with \u201cone-click install\u201d feature. In that case, you are always welcome to contact our support team to get qualified help.<\/p>\n<p>[\/vc_column_text][\/vc_column][\/vc_row][vc_row full_width=\u00a0\u00bbstretch_row\u00a0\u00bb disable_element=\u00a0\u00bbyes\u00a0\u00bb][vc_column width=\u00a0\u00bb1\/2&Prime;][vc_single_image image=\u00a0\u00bb35&Prime; img_size=\u00a0\u00bb\u00a0\u00bb alignment=\u00a0\u00bbcenter\u00a0\u00bb onclick=\u00a0\u00bbcustom_link\u00a0\u00bb link=\u00a0\u00bbhttp:\/\/www.inmotionhosting.com\u00a0\u00bb][vc_column_text]<\/p>\n<p style=\"text-align: center; margin: 0;\"><a href=\"https:\/\/secure1.inmotionhosting.com\/cgi-bin\/gby\/clickthru.cgi?id=themerex\">http:\/\/www.inmotionhosting.com<\/a><\/p>\n<p style=\"text-align: center;\">Get more than <strong>30% discount<\/strong> on a hosting plan.<\/p>\n<p>[\/vc_column_text][vc_empty_space alter_height=\u00a0\u00bbmedium\u00a0\u00bb hide_on_mobile=\u00a0\u00bb\u00a0\u00bb][\/vc_column][vc_column width=\u00a0\u00bb1\/2&Prime;][vc_single_image image=\u00a0\u00bb36&Prime; img_size=\u00a0\u00bb\u00a0\u00bb alignment=\u00a0\u00bbcenter\u00a0\u00bb onclick=\u00a0\u00bbcustom_link\u00a0\u00bb link=\u00a0\u00bbhttp:\/\/mediatemple.net\u00a0\u00bb][vc_column_text]<\/p>\n<p style=\"text-align: center;\"><a href=\"http:\/\/mediatemple.net\">http:\/\/mediatemple.net<\/a><\/p>\n<p>[\/vc_column_text][vc_empty_space alter_height=\u00a0\u00bbmedium\u00a0\u00bb hide_on_mobile=\u00a0\u00bb\u00a0\u00bb][\/vc_column][\/vc_row]<\/p>\n","protected":false},"excerpt":{"rendered":"<p>[vc_row css=\u00a0\u00bb.vc_custom_1488969878319{padding-top: 0px !important;padding-bottom: 0px !important;}\u00a0\u00bb][vc_column][vc_empty_space alter_height=\u00a0\u00bbhuge\u00a0\u00bb hide_on_mobile=\u00a0\u00bb\u00a0\u00bb][\/vc_column][\/vc_row][vc_row full_width=\u00a0\u00bbstretch_row\u00a0\u00bb css=\u00a0\u00bb.vc_custom_1488971430296{padding-bottom: 0px !important;}\u00a0\u00bb][vc_column width=\u00a0\u00bb2\/3&Prime;][vc_column_text]Depuis plus de quatre d\u00e9cennies, Mul-T-Lock\u00ae est l\u2019un des leaders mondiaux dans le d\u00e9veloppement, la fabrication et la&hellip;<\/p>\n","protected":false},"author":2,"featured_media":0,"parent":1593,"menu_order":0,"comment_status":"closed","ping_status":"closed","template":"","meta":[],"_links":{"self":[{"href":"https:\/\/514locksmith.com\/fr\/wp-json\/wp\/v2\/pages\/1599"}],"collection":[{"href":"https:\/\/514locksmith.com\/fr\/wp-json\/wp\/v2\/pages"}],"about":[{"href":"https:\/\/514locksmith.com\/fr\/wp-json\/wp\/v2\/types\/page"}],"author":[{"embeddable":true,"href":"https:\/\/514locksmith.com\/fr\/wp-json\/wp\/v2\/users\/2"}],"replies":[{"embeddable":true,"href":"https:\/\/514locksmith.com\/fr\/wp-json\/wp\/v2\/comments?post=1599"}],"version-history":[{"count":0,"href":"https:\/\/514locksmith.com\/fr\/wp-json\/wp\/v2\/pages\/1599\/revisions"}],"up":[{"embeddable":true,"href":"https:\/\/514locksmith.com\/fr\/wp-json\/wp\/v2\/pages\/1593"}],"wp:attachment":[{"href":"https:\/\/514locksmith.com\/fr\/wp-json\/wp\/v2\/media?parent=1599"}],"curies":[{"name":"wp","href":"https:\/\/api.w.org\/{rel}","templated":true}]}}