{"id":1577,"date":"2018-11-05T20:58:49","date_gmt":"2018-11-05T20:58:49","guid":{"rendered":"http:\/\/514locksmith.com\/?page_id=1577"},"modified":"2018-11-16T17:30:17","modified_gmt":"2018-11-16T17:30:17","slug":"medeco-x4","status":"publish","type":"page","link":"https:\/\/514locksmith.com\/fr\/medeco\/medeco-x4\/","title":{"rendered":"Medeco X4"},"content":{"rendered":"<p>[vc_row css=\u00a0\u00bb.vc_custom_1488969878319{padding-top: 0px !important;padding-bottom: 0px !important;}\u00a0\u00bb][vc_column][vc_empty_space alter_height=\u00a0\u00bbhuge\u00a0\u00bb hide_on_mobile=\u00a0\u00bb\u00a0\u00bb][\/vc_column][\/vc_row][vc_row full_width=\u00a0\u00bbstretch_row\u00a0\u00bb css=\u00a0\u00bb.vc_custom_1488971430296{padding-bottom: 0px !important;}\u00a0\u00bb][vc_column width=\u00a0\u00bb2\/3&Prime;][vc_column_text]Toutes les installations ont besoin d\u2019un contr\u00f4le des cl\u00e9s brevet\u00e9 afin de s\u00e9curiser efficacement les ouvertures ext\u00e9rieures et int\u00e9rieures. Cette int\u00e9grit\u00e9 permet aux responsables de la s\u00e9curit\u00e9 d\u2019avoir l\u2019esprit tranquille lorsqu\u2019il est question de gestion du syst\u00e8me. Malheureusement, la mise en place d\u2019un nouveau syst\u00e8me de cl\u00e9 n\u2019est pas toujours facile\u2026 ni \u00e9conomique.<\/p>\n<p>Medeco\u00a0X4 est la solution la plus \u00e9conomique et la plus efficace. Medeco\u00a0X4 poss\u00e8de l\u2019une des plus grandes capacit\u00e9s de cl\u00e9s passe-partout sur le march\u00e9. Cela permet aux gestionnaires des installations de tout relier \u00e0 l\u2019aide d\u2019une seule cl\u00e9 pour plus de facilit\u00e9, de commodit\u00e9 et d\u2019efficacit\u00e9. De plus, Medeco\u00a0X4 s\u2019adapte facilement aux syst\u00e8mes existants, r\u00e9duisant ainsi le temps d\u2019installation.<\/p>\n<p>Medeco\u00a0X4 est la mise \u00e0 niveau de s\u00e9curit\u00e9 id\u00e9ale pour les installations de cylindres interchangeables \u00e0 petits formats (SFIC) pour les syst\u00e8mes Best-style, Prox et iClass. En plus des cylindres SFIC, Medeco\u00a0X4 est \u00e9galement disponible dans de nombreux autres styles de cylindres renouvel\u00e9s et peut \u00eatre int\u00e9gr\u00e9 dans un syst\u00e8me unique.<\/p>\n<p>Contr\u00f4le des cl\u00e9s brevet\u00e9 \u2013 Vous prot\u00e8ge contre la duplication non autoris\u00e9e de vos cl\u00e9s.<\/p>\n<p>S\u2019adapte au mat\u00e9riel existant \u2014 peut \u00eatre configur\u00e9 avec une cl\u00e9 passe-partout dans un syst\u00e8me contenant Medeco BiLevel. Medeco\u00a0X4 est offert dans un large \u00e9ventail de formats de cylindres renouvel\u00e9s, y compris les SFIC, qui peuvent tous \u00eatre int\u00e9gr\u00e9s dans un syst\u00e8me unique.<\/p>\n<p>Peut \u00eatre configur\u00e9 avec une cl\u00e9 passe-partout \u2013 disponible en cylindres interchangeables \u00e0 petits formats (SFIC) et en d\u2019autres formats de cylindres renouvel\u00e9s qui peuvent \u00eatre configur\u00e9s avec une cl\u00e9 passe-partout, \u00e9liminant ainsi le besoin de remplacer votre mat\u00e9riel existant.<\/p>\n<p>Cylindres \u00e0 changement rapide \u2013 Les cylindres interchangeables \u00e0 petits formats Medeco\u00a0X4 permettent de changer rapidement et facilement les cylindres en cas de perte ou de vol des cl\u00e9s.<\/p>\n<p>Avantages\u00a0:<\/p>\n<ul>\n<li>Capacit\u00e9s sup\u00e9rieures de passe-partout, jusqu\u2019\u00e0 quatre (4) fois sup\u00e9rieures \u00e0 celles de cylindres de style similaire<\/li>\n<li>Assure la flexibilit\u00e9 d\u2019une cl\u00e9 unique pour diff\u00e9rents styles de cylindres<\/li>\n<li>Compatible avec les cl\u00e9s Hybrid Prox et iCLASS Key<\/li>\n<li>Contr\u00f4le des cl\u00e9s brevet\u00e9 jusqu\u2019en 2027<\/li>\n<li>Formation de cl\u00e9 personnalis\u00e9e pour plus de s\u00e9curit\u00e9<\/li>\n<\/ul>\n<p>[\/vc_column_text][vc_empty_space height=\u00a0\u00bb64px\u00a0\u00bb alter_height=\u00a0\u00bbhuge\u00a0\u00bb hide_on_mobile=\u00a0\u00bb\u00a0\u00bb][\/vc_column][vc_column width=\u00a0\u00bb1\/3&Prime;][vc_single_image image=\u00a0\u00bb1132&Prime; img_size=\u00a0\u00bbmedium\u00a0\u00bb alignment=\u00a0\u00bbcenter\u00a0\u00bb][\/vc_column][\/vc_row][vc_row full_width=\u00a0\u00bbstretch_row_content\u00a0\u00bb equal_height=\u00a0\u00bbyes\u00a0\u00bb content_placement=\u00a0\u00bbmiddle\u00a0\u00bb scheme=\u00a0\u00bbdark\u00a0\u00bb el_id=\u00a0\u00bbsecurity_services\u00a0\u00bb][vc_column width=\u00a0\u00bb1\/2&Prime; css=\u00a0\u00bb.vc_custom_1530907305502{background-image: url(https:\/\/514locksmith.com\/wp-content\/uploads\/2017\/03\/bg_about1_01.jpg?id=642) !important;background-position: center !important;background-repeat: no-repeat !important;background-size: cover !important;}\u00a0\u00bb][vc_empty_space alter_height=\u00a0\u00bbhuge\u00a0\u00bb hide_on_mobile=\u00a0\u00bb\u00a0\u00bb][vc_column_text]<\/p>\n<h2>High Security Services<\/h2>\n<p>[\/vc_column_text][vc_row_inner][vc_column_inner width=\u00a0\u00bb1\/2&Prime;][vc_column_text]<\/p>\n<ul class=\"trx_addons_list_dot\">\n<li>Medeco locks<\/li>\n<li>Mul-T-Lock<\/li>\n<li>Camera surveillance systems<\/li>\n<\/ul>\n<p>[\/vc_column_text][\/vc_column_inner][vc_column_inner width=\u00a0\u00bb1\/2&Prime;][vc_column_text]<\/p>\n<ul class=\"trx_addons_list_dot\">\n<li>Electric pass card systems<\/li>\n<li>Protective steel gates<\/li>\n<li>Accordion gates<\/li>\n<li>Specialized locks for glass doors<\/li>\n<\/ul>\n<p>[\/vc_column_text][\/vc_column_inner][\/vc_row_inner][vc_empty_space alter_height=\u00a0\u00bbhuge\u00a0\u00bb hide_on_mobile=\u00a0\u00bb\u00a0\u00bb][\/vc_column][vc_column width=\u00a0\u00bb1\/2&Prime; css=\u00a0\u00bb.vc_custom_1530907315084{background-image: url(https:\/\/514locksmith.com\/wp-content\/uploads\/2018\/07\/flashbg-1.jpg?id=843) !important;background-position: center !important;background-repeat: no-repeat !important;background-size: cover !important;}\u00a0\u00bb][vc_empty_space alter_height=\u00a0\u00bbhuge\u00a0\u00bb hide_on_mobile=\u00a0\u00bb\u00a0\u00bb][vc_column_text]<\/p>\n<h2>Fast Response Time Guaranteed<\/h2>\n<h1>514-502-9096<\/h1>\n<p>[\/vc_column_text][vc_empty_space alter_height=\u00a0\u00bbhuge\u00a0\u00bb hide_on_mobile=\u00a0\u00bb\u00a0\u00bb][\/vc_column][\/vc_row][vc_row full_width=\u00a0\u00bbstretch_row\u00a0\u00bb disable_element=\u00a0\u00bbyes\u00a0\u00bb css=\u00a0\u00bb.vc_custom_1530902803615{padding-top: 0px !important;}\u00a0\u00bb][vc_column width=\u00a0\u00bb1\/2&Prime;][vc_column_text]<\/p>\n<ul>\n<li>To get a pre-purchase advice, you may post in the theme\u2019s forum.<\/li>\n<li>To get a response more promptly, you are recommended to use our Ticket-system.<\/li>\n<li>We try to answer your questions within 1-10 hours. However, if any delay occurs, it doesn\u2019t mean that we forgot about you. Some of the issues require testing and analyzing, so we can resolve it effectively.<\/li>\n<\/ul>\n<p>[\/vc_column_text][\/vc_column][vc_column width=\u00a0\u00bb1\/2&Prime;][vc_column_text]<\/p>\n<ul>\n<li>Please note! We do not provide support, if you do not have the purchase code.<\/li>\n<li>Item support does not include:\n<ol>\n<li>Customization and installation.<\/li>\n<li>Support for third party software and plugins.<\/li>\n<\/ol>\n<\/li>\n<\/ul>\n<p>[\/vc_column_text][\/vc_column][\/vc_row][vc_row disable_element=\u00a0\u00bbyes\u00a0\u00bb][vc_column][vc_empty_space alter_height=\u00a0\u00bbsmall\u00a0\u00bb hide_on_mobile=\u00a0\u00bb\u00a0\u00bb][vc_separator][\/vc_column][\/vc_row][vc_row full_width=\u00a0\u00bbstretch_row\u00a0\u00bb disable_element=\u00a0\u00bbyes\u00a0\u00bb css=\u00a0\u00bb.vc_custom_1530902812417{padding-bottom: 0px !important;}\u00a0\u00bb][vc_column]<div id=\"sc_title_2021316381\"\n\t\tclass=\"sc_title sc_title_default\"><h3 class=\"sc_item_title sc_title_title sc_align_center sc_item_title_style_default\">How to use our Support System<\/h3><\/div><!-- \/.sc_title -->[\/vc_column][\/vc_row][vc_row full_width=\u00a0\u00bbstretch_row\u00a0\u00bb disable_element=\u00a0\u00bbyes\u00a0\u00bb css=\u00a0\u00bb.vc_custom_1530902818329{padding-top: 0px !important;}\u00a0\u00bb][vc_column width=\u00a0\u00bb1\/2&Prime;][vc_single_image image=\u00a0\u00bb29&Prime; img_size=\u00a0\u00bb525&#215;300&Prime;][\/vc_column][vc_column width=\u00a0\u00bb1\/2&Prime;][vc_column_text]Axiom technical support is always there to assist their users with all the technical questions regarding their products.<\/p>\n<ol>\n<li>In the \u2018Item Details\u2019 there is a clickable banner \u201cSupport Sys\u201d, which leads you to tickets.<\/li>\n<li>Or you may simply follow this link: <a href=\"https:\/\/axiom.ticksy.com\/\">axiom.ticksy.com.<\/a><\/li>\n<li>Enter your purchase key and register in the system.<\/li>\n<li>To avoid a confusion, please use your own ThemeForest login in Support System.<\/li>\n<li>Fill out the ticket form.<\/li>\n<\/ol>\n<p>[\/vc_column_text][\/vc_column][\/vc_row][vc_row disable_element=\u00a0\u00bbyes\u00a0\u00bb][vc_column][vc_empty_space alter_height=\u00a0\u00bbsmall\u00a0\u00bb hide_on_mobile=\u00a0\u00bb\u00a0\u00bb][vc_separator][\/vc_column][\/vc_row][vc_row full_width=\u00a0\u00bbstretch_row\u00a0\u00bb disable_element=\u00a0\u00bbyes\u00a0\u00bb css=\u00a0\u00bb.vc_custom_1530902898454{padding-bottom: 0px !important;}\u00a0\u00bb][vc_column]<div id=\"sc_title_2034451461\"\n\t\tclass=\"sc_title sc_title_default\"><h3 class=\"sc_item_title sc_title_title sc_align_center sc_item_title_style_default\">How to find a purchase key<\/h3><\/div><!-- \/.sc_title -->[\/vc_column][\/vc_row][vc_row full_width=\u00a0\u00bbstretch_row\u00a0\u00bb disable_element=\u00a0\u00bbyes\u00a0\u00bb css=\u00a0\u00bb.vc_custom_1530902824976{padding-top: 0px !important;}\u00a0\u00bb][vc_column width=\u00a0\u00bb1\/2&Prime;][vc_single_image image=\u00a0\u00bb30&Prime; img_size=\u00a0\u00bb650&#215;400&Prime;][\/vc_column][vc_column width=\u00a0\u00bb1\/2&Prime;][vc_empty_space alter_height=\u00a0\u00bbmedium\u00a0\u00bb hide_on_mobile=\u00a0\u00bb\u00a0\u00bb][vc_column_text]<\/p>\n<ul>\n<li>Open the \u201cdownloads\u201d tab in your account.<\/li>\n<li>Find our theme in the list of products.<\/li>\n<li>Click \u201cdownload\u201d button, and in the drop-down menu select \u201clicense certificate &amp; purchase code\u201d.<\/li>\n<\/ul>\n<p>[\/vc_column_text][\/vc_column][\/vc_row][vc_row disable_element=\u00a0\u00bbyes\u00a0\u00bb][vc_column][vc_separator][\/vc_column][\/vc_row][vc_row full_width=\u00a0\u00bbstretch_row\u00a0\u00bb disable_element=\u00a0\u00bbyes\u00a0\u00bb][vc_column]<div id=\"sc_title_1026137762\"\n\t\tclass=\"sc_title sc_title_default\"><h3 class=\"sc_item_title sc_title_title sc_align_center sc_item_title_style_default\">Hosting<\/h3><div class=\"sc_item_descr sc_title_descr sc_align_center\">Recommended hostings:<\/div><\/div><!-- \/.sc_title -->[vc_column_text]<\/p>\n<p style=\"text-align: center;\">Axiom team offers only the best products and services and recommends them to their customers. One of the most important services is HOSTING. Unlike any cheap hostings that usually have limited resources which causes many problems to the site owners, quality hosting gives a client a fair amount of resources sufficient for any website and any task. By using quality hosting you can rest assured that your site will work smoothly. If you happen to use such hosting with limited resources (e.g. GoDaddy!), you may experience issues with \u201cone-click install\u201d feature. In that case, you are always welcome to contact our support team to get qualified help.<\/p>\n<p>[\/vc_column_text][\/vc_column][\/vc_row][vc_row full_width=\u00a0\u00bbstretch_row\u00a0\u00bb disable_element=\u00a0\u00bbyes\u00a0\u00bb][vc_column width=\u00a0\u00bb1\/2&Prime;][vc_single_image image=\u00a0\u00bb35&Prime; img_size=\u00a0\u00bb\u00a0\u00bb alignment=\u00a0\u00bbcenter\u00a0\u00bb onclick=\u00a0\u00bbcustom_link\u00a0\u00bb link=\u00a0\u00bbhttp:\/\/www.inmotionhosting.com\u00a0\u00bb][vc_column_text]<\/p>\n<p style=\"text-align: center; margin: 0;\"><a href=\"https:\/\/secure1.inmotionhosting.com\/cgi-bin\/gby\/clickthru.cgi?id=themerex\">http:\/\/www.inmotionhosting.com<\/a><\/p>\n<p style=\"text-align: center;\">Get more than <strong>30% discount<\/strong> on a hosting plan.<\/p>\n<p>[\/vc_column_text][vc_empty_space alter_height=\u00a0\u00bbmedium\u00a0\u00bb hide_on_mobile=\u00a0\u00bb\u00a0\u00bb][\/vc_column][vc_column width=\u00a0\u00bb1\/2&Prime;][vc_single_image image=\u00a0\u00bb36&Prime; img_size=\u00a0\u00bb\u00a0\u00bb alignment=\u00a0\u00bbcenter\u00a0\u00bb onclick=\u00a0\u00bbcustom_link\u00a0\u00bb link=\u00a0\u00bbhttp:\/\/mediatemple.net\u00a0\u00bb][vc_column_text]<\/p>\n<p style=\"text-align: center;\"><a href=\"http:\/\/mediatemple.net\">http:\/\/mediatemple.net<\/a><\/p>\n<p>[\/vc_column_text][vc_empty_space alter_height=\u00a0\u00bbmedium\u00a0\u00bb hide_on_mobile=\u00a0\u00bb\u00a0\u00bb][\/vc_column][\/vc_row][vc_row full_width=\u00a0\u00bbstretch_row_content\u00a0\u00bb][vc_column][vc_empty_space alter_height=\u00a0\u00bbhuge\u00a0\u00bb hide_on_mobile=\u00a0\u00bb\u00a0\u00bb]<div class=\"sc_layouts sc_layouts_default sc_layouts_710\">[vc_row content_placement=\"middle\" row_delimiter=\"\" row_fixed=\"\" hide_on_mobile=\"\" hide_on_frontpage=\"\"][vc_column]<div class=\"sc_layouts_item\"><div id=\"widget_slider_451801021\" class=\"widget_area sc_widget_slider vc_widget_slider wpb_content_element\"><aside id=\"widget_slider_451801021_widget\" class=\"widget widget_slider\">\t\t\t<div class=\"slider_wrap slider_engine_swiper\">\n\t\t\t\t<div id=\"widget_slider_451801021_outer\" class=\"slider_swiper_outer slider_style_default slider_outer_nocontrols slider_outer_nopagination slider_outer_titles_center slider_outer_multi\"><div id=\"widget_slider_451801021_swiper\" class=\"slider_swiper swiper-slider-container slider_nocontrols slider_nopagination slider_titles_center slider_multi slider_noresize slider_height_auto slider_type_images\" data-ratio=\"16:9\" data-interval=\"5000\" data-effect=\"slide\" data-pagination=\"bullets\" data-slides-per-view=\"6\" data-slides-space=\"10\">\n\t\t\t\t\t\t<div class=\"swiper-wrapper\"><div  class=\"swiper-slide\" data-image=\"https:\/\/514locksmith.com\/wp-content\/uploads\/2017\/03\/multlock-logo2-1.png\" style=\"\"><img src=\"https:\/\/514locksmith.com\/wp-content\/uploads\/2017\/03\/multlock-logo2-1.png\" alt=\"\"><\/div><div  class=\"swiper-slide\" data-image=\"https:\/\/514locksmith.com\/wp-content\/uploads\/2017\/03\/medeco-logo2.png\" style=\"\"><img src=\"https:\/\/514locksmith.com\/wp-content\/uploads\/2017\/03\/medeco-logo2.png\" alt=\"\"><\/div><div  class=\"swiper-slide\" data-image=\"https:\/\/514locksmith.com\/wp-content\/uploads\/2017\/03\/yalelogo2.png\" style=\"\"><img src=\"https:\/\/514locksmith.com\/wp-content\/uploads\/2017\/03\/yalelogo2.png\" alt=\"\"><\/div><div  class=\"swiper-slide\" data-image=\"https:\/\/514locksmith.com\/wp-content\/uploads\/2017\/03\/best-logo2.png\" style=\"\"><img src=\"https:\/\/514locksmith.com\/wp-content\/uploads\/2017\/03\/best-logo2.png\" alt=\"\"><a href=\"http:\/\/www.bestaccess.com\/\" class=\"slide_link\"><\/a><\/div><div  class=\"swiper-slide\" data-image=\"https:\/\/514locksmith.com\/wp-content\/uploads\/2017\/03\/assa-logo2.png\" style=\"\"><img src=\"https:\/\/514locksmith.com\/wp-content\/uploads\/2017\/03\/assa-logo2.png\" alt=\"\"><\/div><div  class=\"swiper-slide\" data-image=\"https:\/\/514locksmith.com\/wp-content\/uploads\/2017\/03\/master-lock.png\" style=\"\"><img src=\"https:\/\/514locksmith.com\/wp-content\/uploads\/2017\/03\/master-lock.png\" alt=\"\"><\/div><div  class=\"swiper-slide\" data-image=\"https:\/\/514locksmith.com\/wp-content\/uploads\/2017\/03\/ilco.png\" style=\"\"><img src=\"https:\/\/514locksmith.com\/wp-content\/uploads\/2017\/03\/ilco.png\" alt=\"\"><\/div><div  class=\"swiper-slide\" data-image=\"https:\/\/514locksmith.com\/wp-content\/uploads\/2017\/03\/adams-right.png\" style=\"\"><img src=\"https:\/\/514locksmith.com\/wp-content\/uploads\/2017\/03\/adams-right.png\" alt=\"\"><\/div><div  class=\"swiper-slide\" data-image=\"https:\/\/514locksmith.com\/wp-content\/uploads\/2017\/03\/weiser-logo.png\" style=\"\"><img src=\"https:\/\/514locksmith.com\/wp-content\/uploads\/2017\/03\/weiser-logo.png\" alt=\"\"><\/div><div  class=\"swiper-slide\" data-image=\"https:\/\/514locksmith.com\/wp-content\/uploads\/2017\/03\/stanleylocks.png\" style=\"\"><img src=\"https:\/\/514locksmith.com\/wp-content\/uploads\/2017\/03\/stanleylocks.png\" alt=\"\"><\/div><div  class=\"swiper-slide\" data-image=\"https:\/\/514locksmith.com\/wp-content\/uploads\/2017\/03\/Schlage-lock.png\" style=\"\"><img src=\"https:\/\/514locksmith.com\/wp-content\/uploads\/2017\/03\/Schlage-lock.png\" alt=\"\"><\/div><\/div><\/div><\/div>\t\t\t<\/div>\n\t\t\t<\/aside><\/div><\/div>[\/vc_column][\/vc_row]<\/div>[vc_empty_space alter_height=\u00a0\u00bbhuge\u00a0\u00bb hide_on_mobile=\u00a0\u00bb\u00a0\u00bb][\/vc_column][\/vc_row]<\/p>\n","protected":false},"excerpt":{"rendered":"<p>[vc_row css=\u00a0\u00bb.vc_custom_1488969878319{padding-top: 0px !important;padding-bottom: 0px !important;}\u00a0\u00bb][vc_column][vc_empty_space alter_height=\u00a0\u00bbhuge\u00a0\u00bb hide_on_mobile=\u00a0\u00bb\u00a0\u00bb][\/vc_column][\/vc_row][vc_row full_width=\u00a0\u00bbstretch_row\u00a0\u00bb css=\u00a0\u00bb.vc_custom_1488971430296{padding-bottom: 0px !important;}\u00a0\u00bb][vc_column width=\u00a0\u00bb2\/3&Prime;][vc_column_text]Toutes les installations ont besoin d\u2019un contr\u00f4le des cl\u00e9s brevet\u00e9 afin de s\u00e9curiser efficacement les ouvertures ext\u00e9rieures et&hellip;<\/p>\n","protected":false},"author":2,"featured_media":0,"parent":1571,"menu_order":0,"comment_status":"closed","ping_status":"closed","template":"","meta":[],"_links":{"self":[{"href":"https:\/\/514locksmith.com\/fr\/wp-json\/wp\/v2\/pages\/1577"}],"collection":[{"href":"https:\/\/514locksmith.com\/fr\/wp-json\/wp\/v2\/pages"}],"about":[{"href":"https:\/\/514locksmith.com\/fr\/wp-json\/wp\/v2\/types\/page"}],"author":[{"embeddable":true,"href":"https:\/\/514locksmith.com\/fr\/wp-json\/wp\/v2\/users\/2"}],"replies":[{"embeddable":true,"href":"https:\/\/514locksmith.com\/fr\/wp-json\/wp\/v2\/comments?post=1577"}],"version-history":[{"count":0,"href":"https:\/\/514locksmith.com\/fr\/wp-json\/wp\/v2\/pages\/1577\/revisions"}],"up":[{"embeddable":true,"href":"https:\/\/514locksmith.com\/fr\/wp-json\/wp\/v2\/pages\/1571"}],"wp:attachment":[{"href":"https:\/\/514locksmith.com\/fr\/wp-json\/wp\/v2\/media?parent=1577"}],"curies":[{"name":"wp","href":"https:\/\/api.w.org\/{rel}","templated":true}]}}