{"id":1550,"date":"2018-11-05T20:47:10","date_gmt":"2018-11-05T20:47:10","guid":{"rendered":"http:\/\/514locksmith.com\/?page_id=1550"},"modified":"2019-01-07T16:53:36","modified_gmt":"2019-01-07T16:53:36","slug":"faq","status":"publish","type":"page","link":"https:\/\/514locksmith.com\/fr\/faq\/","title":{"rendered":"FAQ"},"content":{"rendered":"<p>[vc_row css=\u00a0\u00bb.vc_custom_1488969878319{padding-top: 0px !important;padding-bottom: 0px !important;}\u00a0\u00bb][vc_column][vc_empty_space alter_height=\u00a0\u00bbhuge\u00a0\u00bb hide_on_mobile=\u00a0\u00bb\u00a0\u00bb][\/vc_column][\/vc_row][vc_row full_width=\u00a0\u00bbstretch_row\u00a0\u00bb css=\u00a0\u00bb.vc_custom_1488971430296{padding-bottom: 0px !important;}\u00a0\u00bb][vc_column]<div id=\"sc_title_610830541\"\n\t\tclass=\"sc_title sc_title_default\"><h1 class=\"sc_item_title sc_title_title sc_align_left sc_item_title_style_default sc_item_title_tag\">Foire aux questions<\/h1><\/div><!-- \/.sc_title -->[vc_empty_space alter_height=\u00a0\u00bbsmall\u00a0\u00bb hide_on_mobile=\u00a0\u00bb\u00a0\u00bb][vc_toggle title=\u00a0\u00bbPourquoi devrais-je utiliser un serrurier professionnel?\u00a0\u00bb]Des serruriers professionnels exp\u00e9riment\u00e9s apportent leur exp\u00e9rience et leurs connaissances dans les probl\u00e8mes de verrouillage et de s\u00e9curit\u00e9, et sont mieux pr\u00e9par\u00e9s pour r\u00e9soudre les probl\u00e8mes de s\u00e9curit\u00e9 dans votre situation unique. Un serrurier professionnel peut prescrire des produits de pointe qui fonctionnent, ainsi que des solutions plus efficaces de mani\u00e8re efficiente.[\/vc_toggle][vc_toggle title=\u00a0\u00bbJ\u2019ai une cl\u00e9 qui indique \u00ab\u2009Ne pas dupliquer\u2009\u00bb. Puis-je la dupliquer quand m\u00eame?\u00a0\u00bb]Les cl\u00e9s qui indiquent \u00ab\u2009Ne pas dupliquer\u2009\u00bb, \u00ab\u2009Ne pas copier\u2009\u00bb ou \u00ab\u2009Copie illicite\u2009\u00bb peuvent seulement \u00eatre dupliqu\u00e9es si une lettre d\u2019autorisation de la part du propri\u00e9taire ou du superviseur est pr\u00e9sent\u00e9e avec la demande de duplication. La lettre doit \u00eatre pr\u00e9sent\u00e9e sur le papier \u00e0 en-t\u00eate de l\u2019entreprise et doit identifier la cl\u00e9 \u00e0 dupliquer, le nombre de cl\u00e9s, la personne qui r\u00e9cup\u00e8rera les cl\u00e9s, ainsi que le nom et le num\u00e9ro de la personne qui a r\u00e9dig\u00e9 la lettre. La personne qui r\u00e9cup\u00e8re les cl\u00e9s devra remplir le formulaire \u00ab\u2009Request for Restricted Keys\u2009\u00bb (Demande de cl\u00e9s limit\u00e9es). Nous nous r\u00e9servons le droit de refuser de dupliquer toute cl\u00e9 qui indique \u00ab\u2009Ne pas dupliquer\u2009\u00bb.[\/vc_toggle][vc_toggle title=\u00a0\u00bbMa cl\u00e9 ne s\u2019ins\u00e8re pas ou ne se retire pas facilement ou a du mal \u00e0 tourner.\u00a0\u00bb]Pulv\u00e9risez d\u2019abord la serrure avec une huile p\u00e9n\u00e9trante l\u00e9g\u00e8re (telle que le WD-40). On trouve cette huile dans la plupart des quincailleries, mais \u00e9galement dans certaines pharmacies et certains supermarch\u00e9s. N\u2019ayez pas peur de trop pulv\u00e9riser, mais ayez une serviette en papier \u00e0 port\u00e9e de main pour nettoyer les exc\u00e8s. Pulv\u00e9risez l\u2019huile dans le trou de la serrure et sur le m\u00e9canisme du p\u00eane. D\u00e9placez le p\u00eane pour permettre \u00e0 l\u2019huile de p\u00e9n\u00e9trer dans la serrure. Si vous n\u2019\u00eates pas s\u00fbr de pouvoir la remonter, n\u2019essayer pas de d\u00e9monter pas la serrure.[\/vc_toggle][vc_toggle title=\u00a0\u00bbLa serrure ne se verrouille pas et ne se d\u00e9verrouille pas avec aisance.\u00a0\u00bb]Apr\u00e8s avoir tent\u00e9 la solution ci-dessus, v\u00e9rifiez que la serrure fonctionne correctement avec la porte ouverte. Si tel est le cas, le probl\u00e8me de la serrure n\u2019est pas li\u00e9 \u00e0 la serrure, mais \u00e0 l\u2019alignement de la porte et du cadre. Cherchez des obstructions au seuil et \u00e0 la porte bloqu\u00e9e. V\u00e9rifiez \u00e9galement que la porte et le cadre ne sont pas tordus ou d\u00e9form\u00e9s. La porte doit reposer compl\u00e8tement contre la porte et y rester. Si la porte repose uniquement en haut ou en bas, la porte ou le cadre est tordu. Si les ressorts de porte s\u2019ouvrent, les charni\u00e8res sont probablement attach\u00e9es. Si vous avez un bourrelet de calfeutrage sur la porte, cela pourrait obstruer l\u2019ouverture de la porte. N\u2019oubliez pas que les portes et les cadres en bois se d\u00e9formeront et gonfleront avec la temp\u00e9rature et l\u2019humidit\u00e9, et que les portes et les cadres en m\u00e9tal se tordront et se rouilleront avec le temps.[\/vc_toggle][vc_toggle title=\u00a0\u00bbJ\u2019ai perdu mes cl\u00e9s de voiture.\u00a0\u00bb]Parfois, il y a un code de cl\u00e9 de disponible. Vous n\u2019aurez acc\u00e8s \u00e0 ce code que si vous \u00eates l\u2019acheteur original. Ce code est g\u00e9n\u00e9ralement inscrit sur l\u2019acte de vente initial que vous ou votre concessionnaire pouviez avoir. Dans certains cas rares, ces codes sont \u00e9crits sur la couverture du manuel du propri\u00e9taire, veuillez le v\u00e9rifier \u00e9galement. Une cl\u00e9 par code peut vous faire \u00e9conomiser de l\u2019argent sur le fait d\u2019avoir une cl\u00e9 correspondante au v\u00e9hicule sur place.[\/vc_toggle][vc_toggle title=\u00a0\u00bbQuelle est la diff\u00e9rence entre changer de serrures et soumettre \u00e0 la commande d\u2019un passe-partout?\u00a0\u00bb]Le changement de serrures consiste \u00e0 ajuster les gorges dans une serrure existante de sorte que seules les nouvelles cl\u00e9s puissent l\u2019ouvrir. Plusieurs personnes, qui continuent \u00e0 utiliser la m\u00eame cl\u00e9 que celle qu\u2019ils ont re\u00e7ue lors de l\u2019achat de leur maison, n\u2019ont aucune id\u00e9e du nombre de personnes, telles que les commer\u00e7ants, les voisins et les amis, qui ne sont plus pertinents, ont eu acc\u00e8s \u00e0 cette cl\u00e9. La plupart des techniciens peuvent changer vos serrures et vous assurer de savoir que seuls vous et les personnes de confiance pourrez acc\u00e9der \u00e0 votre propri\u00e9t\u00e9. Vous avez perdu vos cl\u00e9s? Aucun probl\u00e8me; nous changerons vos serrures et adapterons votre serrure existante aux nouvelles cl\u00e9s.[\/vc_toggle][vc_toggle title=\u00a0\u00bbSoumettre \u00e0 la commande d\u2019un passe-partout\u00a0\u00bb]Saviez-vous que vous n\u2019avez peut-\u00eatre besoin que d\u2019une seule cl\u00e9 pour toutes les serrures de votre maison ou de votre entreprise? Les serrures de la m\u00eame fabrication peuvent g\u00e9n\u00e9ralement \u00eatre identiques. Cela signifie que vous pouvez remplacer votre trousseau de cl\u00e9s par une seule cl\u00e9.<\/p>\n<p>Soumettre \u00e0 la commande d\u2019un passe-partout permet \u00e0 deux cl\u00e9s diff\u00e9rentes et distinctes d\u2019ouvrir une serrure. Cela r\u00e9glemente l\u2019acc\u00e8s \u00e0 des zones sp\u00e9cifiques, tout en disposant d\u2019une cl\u00e9 passe-partout qui acc\u00e8de \u00e0 toutes les zones. Des cl\u00e9s passe-partout peuvent \u00eatre fournies pour tous les b\u00e2timents tels que les h\u00f4pitaux, les immeubles de bureaux et les r\u00e9sidences dans lesquelles il existe un certain nombre de serrures compatibles. Il est maintenant possible de changer les serrures de votre maison, vos grilles, votre caban, pour qu\u2019une seule cl\u00e9 puisse les ouvrir toutes.[\/vc_toggle][vc_toggle title=\u00a0\u00bbJe ne me souviens plus de la personne qui a install\u00e9 cette serrure \u00e0 cl\u00e9. Comment puis-je faire une copie de cette cl\u00e9?\u00a0\u00bb]Sur la t\u00eate de la cl\u00e9, vous trouverez g\u00e9n\u00e9ralement le nom et le num\u00e9ro de t\u00e9l\u00e9phone du serrurier. Si vous ne voyez pas de nom, essayez de parcourir la cl\u00e9. Vous devriez y voir un num\u00e9ro de t\u00e9l\u00e9phone. Les serruriers mettent g\u00e9n\u00e9ralement leur num\u00e9ro sur la cl\u00e9.[\/vc_toggle][vc_toggle title=\u00a0\u00bbJe ne trouve pas ma carte de signature. Que devrais-je faire?\u00a0\u00bb]Une carte de signature est pr\u00e9cieuse et doit toujours \u00eatre conserv\u00e9e dans un endroit s\u00e9curitaire. Si vous avez \u00e9gar\u00e9 votre carte de signature, veuillez simplement nous appeler. Une fois que nous aurons v\u00e9rifi\u00e9 votre identit\u00e9 et que nous aurons install\u00e9 la serrure, nous vous cr\u00e9erons une nouvelle carte de signature et annulerons l\u2019ancienne afin qu\u2019elle ne puisse plus \u00eatre utilis\u00e9e.[\/vc_toggle][vc_toggle title=\u00a0\u00bbLe serrurier qui a initialement install\u00e9 ma serrure \u00e0 cl\u00e9 a d\u00e9clar\u00e9 faillite ou n\u2019est plus joignable. Comment puis-je obtenir une copie de la cl\u00e9?\u00a0\u00bb]Cela arrive \u00e0 l\u2019occasion. Appelez-nous pour discuter des diff\u00e9rentes options. Dans ces cas-ci, le serrurier a parfois autoris\u00e9 un autre serrurier autoris\u00e9 \u00e0 acqu\u00e9rir son entreprise. Nous allons vous aider du mieux que nous le pouvons![\/vc_toggle][vc_toggle title=\u00a0\u00bbJ\u2019ai achet\u00e9 ma maison avec une de ces serrures, mais le l\u2019ancien propri\u00e9taire ne m\u2019a jamais donn\u00e9 la carte de signature. Comment puis-je faire des copies suppl\u00e9mentaires de la cl\u00e9? De plus, l\u2019ancien propri\u00e9taire peut-il faire des copies de ma cl\u00e9 \u00e0 mon insu?\u00a0\u00bb]Si votre maison est munie d\u2019une serrure \u00e0 haute s\u00e9curit\u00e9, la combinaison peut g\u00e9n\u00e9ralement \u00eatre modifi\u00e9e afin que l\u2019ancien propri\u00e9taire ne puisse plus utiliser les cl\u00e9s existantes de la serrure. M\u00eame si l\u2019ancien propri\u00e9taire avait cr\u00e9\u00e9 une copie \u00e0 l\u2019aide de la carte de signature, la cl\u00e9 ne fonctionnerait pas, car la combinaison \u00e0 l\u2019int\u00e9rieur du verrou aurait \u00e9t\u00e9 modifi\u00e9e. Si nous avons install\u00e9 votre serrure, appelez-nous, nous annulerons l\u2019ancienne carte de signature, nous vous en cr\u00e9erons une nouvelle et mettrons \u00e0 jour les dossiers afin que le l\u2019ancien propri\u00e9taire ne soit plus autoris\u00e9 \u00e0 faire des copies de la cl\u00e9.[\/vc_toggle][vc_empty_space height=\u00a0\u00bb64px\u00a0\u00bb alter_height=\u00a0\u00bbhuge\u00a0\u00bb hide_on_mobile=\u00a0\u00bb\u00a0\u00bb][\/vc_column][\/vc_row][vc_row full_width=\u00a0\u00bbstretch_row_content\u00a0\u00bb equal_height=\u00a0\u00bbyes\u00a0\u00bb content_placement=\u00a0\u00bbmiddle\u00a0\u00bb scheme=\u00a0\u00bbdark\u00a0\u00bb el_id=\u00a0\u00bbsecurity_services\u00a0\u00bb][vc_column width=\u00a0\u00bb1\/2&Prime; css=\u00a0\u00bb.vc_custom_1546879710083{background-image: url(https:\/\/serrurier514.com\/wp-content\/uploads\/\/2019\/01\/bg_about1_01.jpg?id=2051) !important;background-position: center !important;background-repeat: no-repeat !important;background-size: cover !important;}\u00a0\u00bb][vc_empty_space alter_height=\u00a0\u00bbhuge\u00a0\u00bb hide_on_mobile=\u00a0\u00bb\u00a0\u00bb][vc_column_text]<\/p>\n<h2>Services \u00e0 haute s\u00e9curit\u00e9<\/h2>\n<p>[\/vc_column_text][vc_row_inner][vc_column_inner width=\u00a0\u00bb1\/2&Prime;][vc_column_text]<\/p>\n<ul class=\"trx_addons_list_dot\">\n<li>Serrures Medeco<\/li>\n<li>Mul-T-Lock<\/li>\n<li>Syst\u00e8me de surveillance par cam\u00e9ra<\/li>\n<\/ul>\n<p>[\/vc_column_text][\/vc_column_inner][vc_column_inner width=\u00a0\u00bb1\/2&Prime;][vc_column_text]<\/p>\n<ul class=\"trx_addons_list_dot\">\n<li>Syst\u00e8mes de cartes laissez-passer \u00e9lectriques<\/li>\n<li>Grilles de protection en acier<\/li>\n<li>Grilles en accord\u00e9on<\/li>\n<li>Serrures sp\u00e9cialis\u00e9es pour portes en verre<\/li>\n<\/ul>\n<p>[\/vc_column_text][\/vc_column_inner][\/vc_row_inner][vc_empty_space alter_height=\u00a0\u00bbhuge\u00a0\u00bb hide_on_mobile=\u00a0\u00bb\u00a0\u00bb][\/vc_column][vc_column width=\u00a0\u00bb1\/2&Prime; css=\u00a0\u00bb.vc_custom_1546879999855{background-image: url(https:\/\/serrurier514.com\/wp-content\/uploads\/\/2018\/07\/flashbg-1.jpg?id=1508) !important;background-position: center !important;background-repeat: no-repeat !important;background-size: cover !important;}\u00a0\u00bb][vc_empty_space alter_height=\u00a0\u00bbhuge\u00a0\u00bb hide_on_mobile=\u00a0\u00bb\u00a0\u00bb][vc_column_text]<\/p>\n<h2>D\u00e9lai de r\u00e9ponse rapide garanti<\/h2>\n<h1>514-502-9096<\/h1>\n<p>[\/vc_column_text][vc_empty_space alter_height=\u00a0\u00bbhuge\u00a0\u00bb hide_on_mobile=\u00a0\u00bb\u00a0\u00bb][\/vc_column][\/vc_row][vc_row full_width=\u00a0\u00bbstretch_row\u00a0\u00bb disable_element=\u00a0\u00bbyes\u00a0\u00bb css=\u00a0\u00bb.vc_custom_1530902803615{padding-top: 0px !important;}\u00a0\u00bb][vc_column width=\u00a0\u00bb1\/2&Prime;][vc_column_text]<\/p>\n<ul>\n<li>To get a pre-purchase advice, you may post in the theme\u2019s forum.<\/li>\n<li>To get a response more promptly, you are recommended to use our Ticket-system.<\/li>\n<li>We try to answer your questions within 1-10 hours. However, if any delay occurs, it doesn\u2019t mean that we forgot about you. Some of the issues require testing and analyzing, so we can resolve it effectively.<\/li>\n<\/ul>\n<p>[\/vc_column_text][\/vc_column][vc_column width=\u00a0\u00bb1\/2&Prime;][vc_column_text]<\/p>\n<ul>\n<li>Please note! We do not provide support, if you do not have the purchase code.<\/li>\n<li>Item support does not include:\n<ol>\n<li>Customization and installation.<\/li>\n<li>Support for third party software and plugins.<\/li>\n<\/ol>\n<\/li>\n<\/ul>\n<p>[\/vc_column_text][\/vc_column][\/vc_row][vc_row full_width=\u00a0\u00bbstretch_row_content\u00a0\u00bb][vc_column][vc_empty_space alter_height=\u00a0\u00bbhuge\u00a0\u00bb hide_on_mobile=\u00a0\u00bb\u00a0\u00bb]<div class=\"sc_layouts sc_layouts_default sc_layouts_710\">[vc_row content_placement=\"middle\" row_delimiter=\"\" row_fixed=\"\" hide_on_mobile=\"\" hide_on_frontpage=\"\"][vc_column]<div class=\"sc_layouts_item\"><div id=\"widget_slider_38915593\" class=\"widget_area sc_widget_slider vc_widget_slider wpb_content_element\"><aside id=\"widget_slider_38915593_widget\" class=\"widget widget_slider\">\t\t\t<div class=\"slider_wrap slider_engine_swiper\">\n\t\t\t\t<div id=\"widget_slider_38915593_outer\" class=\"slider_swiper_outer slider_style_default slider_outer_nocontrols slider_outer_nopagination slider_outer_titles_center slider_outer_multi\"><div id=\"widget_slider_38915593_swiper\" class=\"slider_swiper swiper-slider-container slider_nocontrols slider_nopagination slider_titles_center slider_multi slider_noresize slider_height_auto slider_type_images\" data-ratio=\"16:9\" data-interval=\"5000\" data-effect=\"slide\" data-pagination=\"bullets\" data-slides-per-view=\"6\" data-slides-space=\"10\">\n\t\t\t\t\t\t<div class=\"swiper-wrapper\"><div  class=\"swiper-slide\" data-image=\"https:\/\/514locksmith.com\/wp-content\/uploads\/2017\/03\/multlock-logo2-1.png\" style=\"\"><img src=\"https:\/\/514locksmith.com\/wp-content\/uploads\/2017\/03\/multlock-logo2-1.png\" alt=\"\"><\/div><div  class=\"swiper-slide\" data-image=\"https:\/\/514locksmith.com\/wp-content\/uploads\/2017\/03\/medeco-logo2.png\" style=\"\"><img src=\"https:\/\/514locksmith.com\/wp-content\/uploads\/2017\/03\/medeco-logo2.png\" alt=\"\"><\/div><div  class=\"swiper-slide\" data-image=\"https:\/\/514locksmith.com\/wp-content\/uploads\/2017\/03\/yalelogo2.png\" style=\"\"><img src=\"https:\/\/514locksmith.com\/wp-content\/uploads\/2017\/03\/yalelogo2.png\" alt=\"\"><\/div><div  class=\"swiper-slide\" data-image=\"https:\/\/514locksmith.com\/wp-content\/uploads\/2017\/03\/best-logo2.png\" style=\"\"><img src=\"https:\/\/514locksmith.com\/wp-content\/uploads\/2017\/03\/best-logo2.png\" alt=\"\"><a href=\"http:\/\/www.bestaccess.com\/\" class=\"slide_link\"><\/a><\/div><div  class=\"swiper-slide\" data-image=\"https:\/\/514locksmith.com\/wp-content\/uploads\/2017\/03\/assa-logo2.png\" style=\"\"><img src=\"https:\/\/514locksmith.com\/wp-content\/uploads\/2017\/03\/assa-logo2.png\" alt=\"\"><\/div><div  class=\"swiper-slide\" data-image=\"https:\/\/514locksmith.com\/wp-content\/uploads\/2017\/03\/master-lock.png\" style=\"\"><img src=\"https:\/\/514locksmith.com\/wp-content\/uploads\/2017\/03\/master-lock.png\" alt=\"\"><\/div><div  class=\"swiper-slide\" data-image=\"https:\/\/514locksmith.com\/wp-content\/uploads\/2017\/03\/ilco.png\" style=\"\"><img src=\"https:\/\/514locksmith.com\/wp-content\/uploads\/2017\/03\/ilco.png\" alt=\"\"><\/div><div  class=\"swiper-slide\" data-image=\"https:\/\/514locksmith.com\/wp-content\/uploads\/2017\/03\/adams-right.png\" style=\"\"><img src=\"https:\/\/514locksmith.com\/wp-content\/uploads\/2017\/03\/adams-right.png\" alt=\"\"><\/div><div  class=\"swiper-slide\" data-image=\"https:\/\/514locksmith.com\/wp-content\/uploads\/2017\/03\/weiser-logo.png\" style=\"\"><img src=\"https:\/\/514locksmith.com\/wp-content\/uploads\/2017\/03\/weiser-logo.png\" alt=\"\"><\/div><div  class=\"swiper-slide\" data-image=\"https:\/\/514locksmith.com\/wp-content\/uploads\/2017\/03\/stanleylocks.png\" style=\"\"><img src=\"https:\/\/514locksmith.com\/wp-content\/uploads\/2017\/03\/stanleylocks.png\" alt=\"\"><\/div><div  class=\"swiper-slide\" data-image=\"https:\/\/514locksmith.com\/wp-content\/uploads\/2017\/03\/Schlage-lock.png\" style=\"\"><img src=\"https:\/\/514locksmith.com\/wp-content\/uploads\/2017\/03\/Schlage-lock.png\" alt=\"\"><\/div><\/div><\/div><\/div>\t\t\t<\/div>\n\t\t\t<\/aside><\/div><\/div>[\/vc_column][\/vc_row]<\/div>[vc_empty_space alter_height=\u00a0\u00bbhuge\u00a0\u00bb hide_on_mobile=\u00a0\u00bb\u00a0\u00bb][\/vc_column][\/vc_row][vc_row full_width=\u00a0\u00bbstretch_row\u00a0\u00bb disable_element=\u00a0\u00bbyes\u00a0\u00bb css=\u00a0\u00bb.vc_custom_1530902812417{padding-bottom: 0px !important;}\u00a0\u00bb][vc_column]<div id=\"sc_title_897418318\"\n\t\tclass=\"sc_title sc_title_default\"><h3 class=\"sc_item_title sc_title_title sc_align_center sc_item_title_style_default\">How to use our Support System<\/h3><\/div><!-- \/.sc_title -->[\/vc_column][\/vc_row][vc_row full_width=\u00a0\u00bbstretch_row\u00a0\u00bb disable_element=\u00a0\u00bbyes\u00a0\u00bb css=\u00a0\u00bb.vc_custom_1530902818329{padding-top: 0px !important;}\u00a0\u00bb][vc_column width=\u00a0\u00bb1\/2&Prime;][vc_single_image image=\u00a0\u00bb29&Prime; img_size=\u00a0\u00bb525&#215;300&Prime;][\/vc_column][vc_column width=\u00a0\u00bb1\/2&Prime;][vc_column_text]Axiom technical support is always there to assist their users with all the technical questions regarding their products.<\/p>\n<ol>\n<li>In the \u2018Item Details\u2019 there is a clickable banner \u201cSupport Sys\u201d, which leads you to tickets.<\/li>\n<li>Or you may simply follow this link: <a href=\"https:\/\/axiom.ticksy.com\/\">axiom.ticksy.com.<\/a><\/li>\n<li>Enter your purchase key and register in the system.<\/li>\n<li>To avoid a confusion, please use your own ThemeForest login in Support System.<\/li>\n<li>Fill out the ticket form.<\/li>\n<\/ol>\n<p>[\/vc_column_text][\/vc_column][\/vc_row][vc_row disable_element=\u00a0\u00bbyes\u00a0\u00bb][vc_column][vc_empty_space alter_height=\u00a0\u00bbsmall\u00a0\u00bb hide_on_mobile=\u00a0\u00bb\u00a0\u00bb][vc_separator][\/vc_column][\/vc_row][vc_row full_width=\u00a0\u00bbstretch_row\u00a0\u00bb disable_element=\u00a0\u00bbyes\u00a0\u00bb css=\u00a0\u00bb.vc_custom_1530902898454{padding-bottom: 0px !important;}\u00a0\u00bb][vc_column]<div id=\"sc_title_1663103866\"\n\t\tclass=\"sc_title sc_title_default\"><h3 class=\"sc_item_title sc_title_title sc_align_center sc_item_title_style_default\">How to find a purchase key<\/h3><\/div><!-- \/.sc_title -->[\/vc_column][\/vc_row][vc_row full_width=\u00a0\u00bbstretch_row\u00a0\u00bb disable_element=\u00a0\u00bbyes\u00a0\u00bb css=\u00a0\u00bb.vc_custom_1530902824976{padding-top: 0px !important;}\u00a0\u00bb][vc_column width=\u00a0\u00bb1\/2&Prime;][vc_single_image image=\u00a0\u00bb30&Prime; img_size=\u00a0\u00bb650&#215;400&Prime;][\/vc_column][vc_column width=\u00a0\u00bb1\/2&Prime;][vc_empty_space alter_height=\u00a0\u00bbmedium\u00a0\u00bb hide_on_mobile=\u00a0\u00bb\u00a0\u00bb][vc_column_text]<\/p>\n<ul>\n<li>Open the \u201cdownloads\u201d tab in your account.<\/li>\n<li>Find our theme in the list of products.<\/li>\n<li>Click \u201cdownload\u201d button, and in the drop-down menu select \u201clicense certificate &amp; purchase code\u201d.<\/li>\n<\/ul>\n<p>[\/vc_column_text][\/vc_column][\/vc_row][vc_row disable_element=\u00a0\u00bbyes\u00a0\u00bb][vc_column][vc_separator][\/vc_column][\/vc_row][vc_row full_width=\u00a0\u00bbstretch_row\u00a0\u00bb disable_element=\u00a0\u00bbyes\u00a0\u00bb][vc_column]<div id=\"sc_title_334179627\"\n\t\tclass=\"sc_title sc_title_default\"><h3 class=\"sc_item_title sc_title_title sc_align_center sc_item_title_style_default\">Hosting<\/h3><div class=\"sc_item_descr sc_title_descr sc_align_center\">Recommended hostings:<\/div><\/div><!-- \/.sc_title -->[vc_column_text]<\/p>\n<p style=\"text-align: center;\">Axiom team offers only the best products and services and recommends them to their customers. One of the most important services is HOSTING. Unlike any cheap hostings that usually have limited resources which causes many problems to the site owners, quality hosting gives a client a fair amount of resources sufficient for any website and any task. By using quality hosting you can rest assured that your site will work smoothly. If you happen to use such hosting with limited resources (e.g. GoDaddy!), you may experience issues with \u201cone-click install\u201d feature. In that case, you are always welcome to contact our support team to get qualified help.<\/p>\n<p>[\/vc_column_text][\/vc_column][\/vc_row][vc_row full_width=\u00a0\u00bbstretch_row\u00a0\u00bb disable_element=\u00a0\u00bbyes\u00a0\u00bb][vc_column width=\u00a0\u00bb1\/2&Prime;][vc_single_image image=\u00a0\u00bb35&Prime; img_size=\u00a0\u00bb\u00a0\u00bb alignment=\u00a0\u00bbcenter\u00a0\u00bb onclick=\u00a0\u00bbcustom_link\u00a0\u00bb link=\u00a0\u00bbhttp:\/\/www.inmotionhosting.com\u00a0\u00bb][vc_column_text]<\/p>\n<p style=\"text-align: center; margin: 0;\"><a href=\"https:\/\/secure1.inmotionhosting.com\/cgi-bin\/gby\/clickthru.cgi?id=themerex\">http:\/\/www.inmotionhosting.com<\/a><\/p>\n<p style=\"text-align: center;\">Get more than <strong>30% discount<\/strong> on a hosting plan.<\/p>\n<p>[\/vc_column_text][vc_empty_space alter_height=\u00a0\u00bbmedium\u00a0\u00bb hide_on_mobile=\u00a0\u00bb\u00a0\u00bb][\/vc_column][vc_column width=\u00a0\u00bb1\/2&Prime;][vc_single_image image=\u00a0\u00bb36&Prime; img_size=\u00a0\u00bb\u00a0\u00bb alignment=\u00a0\u00bbcenter\u00a0\u00bb onclick=\u00a0\u00bbcustom_link\u00a0\u00bb link=\u00a0\u00bbhttp:\/\/mediatemple.net\u00a0\u00bb][vc_column_text]<\/p>\n<p style=\"text-align: center;\"><a href=\"http:\/\/mediatemple.net\">http:\/\/mediatemple.net<\/a><\/p>\n<p>[\/vc_column_text][vc_empty_space alter_height=\u00a0\u00bbmedium\u00a0\u00bb hide_on_mobile=\u00a0\u00bb\u00a0\u00bb][\/vc_column][\/vc_row]<\/p>\n","protected":false},"excerpt":{"rendered":"<p>[vc_row css=\u00a0\u00bb.vc_custom_1488969878319{padding-top: 0px !important;padding-bottom: 0px !important;}\u00a0\u00bb][vc_column][vc_empty_space alter_height=\u00a0\u00bbhuge\u00a0\u00bb hide_on_mobile=\u00a0\u00bb\u00a0\u00bb][\/vc_column][\/vc_row][vc_row full_width=\u00a0\u00bbstretch_row\u00a0\u00bb css=\u00a0\u00bb.vc_custom_1488971430296{padding-bottom: 0px !important;}\u00a0\u00bb][vc_column][vc_empty_space alter_height=\u00a0\u00bbsmall\u00a0\u00bb hide_on_mobile=\u00a0\u00bb\u00a0\u00bb][vc_toggle title=\u00a0\u00bbPourquoi devrais-je utiliser un serrurier professionnel?\u00a0\u00bb]Des serruriers professionnels exp\u00e9riment\u00e9s apportent leur exp\u00e9rience et leurs connaissances dans&hellip;<\/p>\n","protected":false},"author":2,"featured_media":0,"parent":0,"menu_order":0,"comment_status":"closed","ping_status":"closed","template":"","meta":[],"_links":{"self":[{"href":"https:\/\/514locksmith.com\/fr\/wp-json\/wp\/v2\/pages\/1550"}],"collection":[{"href":"https:\/\/514locksmith.com\/fr\/wp-json\/wp\/v2\/pages"}],"about":[{"href":"https:\/\/514locksmith.com\/fr\/wp-json\/wp\/v2\/types\/page"}],"author":[{"embeddable":true,"href":"https:\/\/514locksmith.com\/fr\/wp-json\/wp\/v2\/users\/2"}],"replies":[{"embeddable":true,"href":"https:\/\/514locksmith.com\/fr\/wp-json\/wp\/v2\/comments?post=1550"}],"version-history":[{"count":0,"href":"https:\/\/514locksmith.com\/fr\/wp-json\/wp\/v2\/pages\/1550\/revisions"}],"wp:attachment":[{"href":"https:\/\/514locksmith.com\/fr\/wp-json\/wp\/v2\/media?parent=1550"}],"curies":[{"name":"wp","href":"https:\/\/api.w.org\/{rel}","templated":true}]}}