{"id":1545,"date":"2018-11-05T20:44:16","date_gmt":"2018-11-05T20:44:16","guid":{"rendered":"http:\/\/514locksmith.com\/?page_id=1545"},"modified":"2018-11-13T20:45:34","modified_gmt":"2018-11-13T20:45:34","slug":"contactez-nous","status":"publish","type":"page","link":"https:\/\/514locksmith.com\/fr\/contactez-nous\/","title":{"rendered":"Contactez nous"},"content":{"rendered":"<p>[vc_row full_width=\u00a0\u00bbstretch_row\u00a0\u00bb css=\u00a0\u00bb.vc_custom_1485770065111{background-color: #fafafa !important;}\u00a0\u00bb][vc_column width=\u00a0\u00bb1\/3&Prime;][vc_empty_space alter_height=\u00a0\u00bbhuge\u00a0\u00bb hide_on_mobile=\u00a0\u00bb1&Prime;][vc_icon icon_fontawesome=\u00a0\u00bbicon-mobile-light\u00a0\u00bb color=\u00a0\u00bbcustom\u00a0\u00bb align=\u00a0\u00bbcenter\u00a0\u00bb][vc_column_text]<\/p>\n<h4>Par t\u00e9l\u00e9phone<\/h4>\n<p><span class=\"contacts_phone\">514-502-9096<\/span>[\/vc_column_text][vc_empty_space alter_height=\u00a0\u00bbhuge\u00a0\u00bb hide_on_mobile=\u00a0\u00bb1&Prime;][\/vc_column][vc_column width=\u00a0\u00bb1\/3&Prime;][vc_empty_space alter_height=\u00a0\u00bbhuge\u00a0\u00bb hide_on_mobile=\u00a0\u00bb1&Prime;][vc_icon icon_fontawesome=\u00a0\u00bbicon-mail-empty\u00a0\u00bb color=\u00a0\u00bbcustom\u00a0\u00bb align=\u00a0\u00bbcenter\u00a0\u00bb][vc_column_text]<\/p>\n<h4>Par courriel<\/h4>\n<p>info@serrurier514.com[\/vc_column_text][vc_empty_space alter_height=\u00a0\u00bbhuge\u00a0\u00bb hide_on_mobile=\u00a0\u00bb1&Prime;][\/vc_column][vc_column width=\u00a0\u00bb1\/3&Prime;][vc_empty_space alter_height=\u00a0\u00bbhuge\u00a0\u00bb hide_on_mobile=\u00a0\u00bb1&Prime;][vc_icon icon_fontawesome=\u00a0\u00bbicon-location-light\u00a0\u00bb color=\u00a0\u00bbcustom\u00a0\u00bb align=\u00a0\u00bbcenter\u00a0\u00bb][vc_column_text]<\/p>\n<h4>Notre adresse<\/h4>\n<p><span class=\"contacts_address\">1360 Rue Beaulac<br \/>\nSaint-Laurent, QC H4R 1R7<br \/>\n<span style=\"font-size: 12px;\">(salle d\u2019exposition, seulement par rendez-vous)<\/span><br \/>\n<\/span>[\/vc_column_text][vc_empty_space alter_height=\u00a0\u00bbhuge\u00a0\u00bb hide_on_mobile=\u00a0\u00bb1&Prime;][\/vc_column][\/vc_row][vc_row disable_element=\u00a0\u00bbyes\u00a0\u00bb el_class=\u00a0\u00bb.c_form sc_form_default\u00a0\u00bb][vc_column width=\u00a0\u00bb1\/6&Prime;][\/vc_column][vc_column width=\u00a0\u00bb2\/3&Prime;][vc_empty_space alter_height=\u00a0\u00bbhuge\u00a0\u00bb hide_on_mobile=\u00a0\u00bb\u00a0\u00bb]<div id=\"sc_title_1598472547\"\n\t\tclass=\"sc_title sc_title_default\"><h1 class=\"sc_item_title sc_title_title sc_align_center sc_item_title_style_default sc_item_title_tag\">Demander une estimation gratuite<\/h1><\/div><!-- \/.sc_title -->[vc_column_text]<\/p>\n<p style=\"text-align: center;\"><span id=\"result_box\" class=\"\" lang=\"fr\">Nous desservons la grande r\u00e9gion de Montr\u00e9al, Saint-Laurent, Laval, Chomedey, C\u00f4te Saint-Luc, NDG, Brossard, Anjou, LaSalle, Lachine, Outremont, Centre-ville, Vieux-Port, Dorval, Verdun, Ville-Marie et Westmount.<\/span><\/p>\n<p style=\"text-align: center;\"><span class=\"\">Pour obtenir un devis ou demander un appel de service, veuillez remplir le formulaire ci-dessous et l&rsquo;un de nos techniciens certifi\u00e9s vous contactera pour confirmer un rendez-vous.<\/span><\/p>\n<p>[\/vc_column_text][vc_empty_space height=\u00a0\u00bb12px\u00a0\u00bb alter_height=\u00a0\u00bbmedium\u00a0\u00bb hide_on_mobile=\u00a0\u00bb1&Prime;]<div role=\"form\" class=\"wpcf7\" id=\"wpcf7-f1834-o1\" lang=\"en-US\" dir=\"ltr\">\n<div class=\"screen-reader-response\"><p role=\"status\" aria-live=\"polite\" aria-atomic=\"true\"><\/p> <ul><\/ul><\/div>\n<form action=\"\/fr\/wp-json\/wp\/v2\/pages\/1545#wpcf7-f1834-o1\" method=\"post\" class=\"wpcf7-form init\" novalidate=\"novalidate\" data-status=\"init\">\n<div style=\"display: none;\">\n<input type=\"hidden\" name=\"_wpcf7\" value=\"1834\" \/>\n<input type=\"hidden\" name=\"_wpcf7_version\" value=\"5.5.4\" \/>\n<input type=\"hidden\" name=\"_wpcf7_locale\" value=\"en_US\" \/>\n<input type=\"hidden\" name=\"_wpcf7_unit_tag\" value=\"wpcf7-f1834-o1\" \/>\n<input type=\"hidden\" name=\"_wpcf7_container_post\" value=\"0\" \/>\n<input type=\"hidden\" name=\"_wpcf7_posted_data_hash\" value=\"\" \/>\n<\/div>\n<div class=\"form-wide-l\" style=\"\">\n    <label> Nom (requis)<br \/>\n    <span class=\"wpcf7-form-control-wrap your-name\"><input type=\"text\" name=\"your-name\" value=\"\" size=\"40\" class=\"wpcf7-form-control wpcf7-text wpcf7-validates-as-required\" aria-required=\"true\" aria-invalid=\"false\" \/><\/span> <\/label>\n<\/div>\n<div class=\"form-wide-r\">\n    <label> Adresse \u00e9lectronique (requis)<br \/>\n    <span class=\"wpcf7-form-control-wrap your-email\"><input type=\"email\" name=\"your-email\" value=\"\" size=\"40\" class=\"wpcf7-form-control wpcf7-text wpcf7-email wpcf7-validates-as-required wpcf7-validates-as-email\" aria-required=\"true\" aria-invalid=\"false\" \/><\/span> <\/label>\n<\/div>\n<div class=\"form-wide-w\">\n<label> Votre message<br \/>\n    <span class=\"wpcf7-form-control-wrap your-message\"><textarea name=\"your-message\" cols=\"40\" rows=\"10\" class=\"wpcf7-form-control wpcf7-textarea\" aria-invalid=\"false\"><\/textarea><\/span> <\/label>\n<\/div>\n<div class=\"sub7\">\n<input type=\"submit\" value=\"Envoyer\" class=\"wpcf7-form-control has-spinner wpcf7-submit\" \/>\n<\/div>\n<div class=\"wpcf7-response-output\" aria-hidden=\"true\"><\/div><\/form><\/div>[vc_empty_space alter_height=\u00a0\u00bbhuge\u00a0\u00bb hide_on_mobile=\u00a0\u00bb\u00a0\u00bb][\/vc_column][vc_column width=\u00a0\u00bb1\/6&Prime;][\/vc_column][\/vc_row][vc_row el_class=\u00a0\u00bb.c_form sc_form_default\u00a0\u00bb][vc_column width=\u00a0\u00bb1\/6&Prime;][\/vc_column][vc_column width=\u00a0\u00bb2\/3&Prime;][vc_empty_space height=\u00a0\u00bb20px\u00a0\u00bb alter_height=\u00a0\u00bbmedium\u00a0\u00bb hide_on_mobile=\u00a0\u00bb\u00a0\u00bb][vc_column_text]<\/p>\n<div id=\"podium-integration\"><\/div>\n<p><script> (function(p,o,d,i,u,m,r) { p['podium-integration']=u;p[u]= function() {(p[u].q=p[u].q||[]).push(arguments)},p[u].l=1*new Date(); m=o.createElement(d),r=o.getElementsByTagName(d)[0];m.async=1;m.src=i+'?t='+1*new Date();r.parentNode.insertBefore(m,r) })(window,document,'script','\/\/podiumio.com\/int\/podiumio.boot.min.js','podiumio'); podiumio('podiumio','b11d63c1-bae6-4530-8d41-d48d0a1a0e5b','contact-us','serrurier514','fr'); <\/script>[\/vc_column_text][vc_empty_space height=\u00a0\u00bb20px\u00a0\u00bb alter_height=\u00a0\u00bbmedium\u00a0\u00bb hide_on_mobile=\u00a0\u00bb\u00a0\u00bb][\/vc_column][vc_column width=\u00a0\u00bb1\/6&Prime;][\/vc_column][\/vc_row][vc_row full_width=\u00a0\u00bbstretch_row_content_no_spaces\u00a0\u00bb disable_element=\u00a0\u00bbyes\u00a0\u00bb css=\u00a0\u00bb.vc_custom_1533832462253{padding-top: 0px !important;padding-bottom: 0px !important;}\u00a0\u00bb][vc_column]<div id=\"sc_googlemap_1995206187_wrap\" class=\"sc_googlemap_wrap\"><div id=\"sc_googlemap_1995206187\"\n\t\t\tclass=\"sc_googlemap sc_googlemap_default\"\n\t\t\t style=\"width:100%;height:490px;\"\t\t\tdata-zoom=\"13\"\n\t\t\tdata-style=\"default\"\n\t\t\t><div id=\"sc_googlemap_1995206187_1\" class=\"sc_googlemap_marker\"\n\t\t\t\t\t\tdata-latlng=\"45.517859, -73.711475\"\n\t\t\t\t\t\tdata-address=\"2424 Rue des Equinoxes, Saint-Laurent, QC H4R 0M7\"\n\t\t\t\t\t\tdata-description=\"\"\n\t\t\t\t\t\tdata-title=\"\"\n\t\t\t\t\t\tdata-icon=\"https:\/\/514locksmith.com\/wp-content\/uploads\/2018\/07\/514marker.png\"\n\t\t\t\t\t\t><\/div><\/div><\/div><!-- \/.sc_googlemap_wrap -->[\/vc_column][\/vc_row][vc_row full_width=\u00a0\u00bbstretch_row_content_no_spaces\u00a0\u00bb disable_element=\u00a0\u00bbyes\u00a0\u00bb css=\u00a0\u00bb.vc_custom_1533833340008{padding-top: 0px !important;padding-bottom: 0px !important;}\u00a0\u00bb][vc_column]<div id=\"sc_googlemap_690521009_wrap\" class=\"sc_googlemap_wrap\"><div id=\"sc_googlemap_690521009\"\n\t\t\tclass=\"sc_googlemap sc_googlemap_detailed\"\n\t\t\t style=\"width:100%;height:490px;\"\t\t\tdata-zoom=\"13\"\n\t\t\tdata-style=\"greyscale\"\n\t\t\t><div id=\"sc_googlemap_690521009_1\" class=\"sc_googlemap_marker\"\n\t\t\t\t\t\tdata-latlng=\"45.517859, -73.711475\"\n\t\t\t\t\t\tdata-address=\"2424 Rue des Equinoxes, Saint-Laurent, QC H4R 0M7\"\n\t\t\t\t\t\tdata-description=\"\"\n\t\t\t\t\t\tdata-title=\"\"\n\t\t\t\t\t\tdata-icon=\"https:\/\/514locksmith.com\/wp-content\/uploads\/2018\/07\/514marker.png\"\n\t\t\t\t\t\t><\/div><\/div><\/div><!-- \/.sc_googlemap_wrap -->[\/vc_column][\/vc_row][vc_row full_width=\u00a0\u00bbstretch_row_content\u00a0\u00bb][vc_column][vc_gmaps link=\u00a0\u00bb#E-8_JTNDaWZyYW1lJTIwc3JjJTNEJTIyaHR0cHMlM0ElMkYlMkZ3d3cuZ29vZ2xlLmNvbSUyRm1hcHMlMkZlbWJlZCUzRnBiJTNEJTIxMW0xOCUyMTFtMTIlMjExbTMlMjExZDI3OTYuNjIxNjgxNzQwOTgyMiUyMTJkLTczLjcxMjAzNzk4NDEyMjgzJTIxM2Q0NS40OTc1NjI1NzkxMDEzMiUyMTJtMyUyMTFmMCUyMTJmMCUyMTNmMCUyMTNtMiUyMTFpMTAyNCUyMTJpNzY4JTIxNGYxMy4xJTIxM20zJTIxMW0yJTIxMXMweDRjYzkxN2ZmNTdjMWZjODMlMjUzQTB4NTdkMGQzODZjMzBhODcwOCUyMTJzMTM2MCUyQlJ1ZSUyQkJlYXVsYWMlMjUyQyUyQlNhaW50LUxhdXJlbnQlMjUyQyUyQlFDJTJCSDRSJTJCMVI3JTIxNWUwJTIxM20yJTIxMXNlbiUyMTJzY2ElMjE0djE1Mzk2MjA1NDExMDElMjIlMjB3aWR0aCUzRCUyMjEwMCUyNSUyMiUyMGhlaWdodCUzRCUyMjQwMCUyMiUyMGZyYW1lYm9yZGVyJTNEJTIyMCUyMiUyMHN0eWxlJTNEJTIyYm9yZGVyJTNBMCUyMiUyMGFsbG93ZnVsbHNjcmVlbiUzRSUzQyUyRmlmcmFtZSUzRQ==\u00a0\u00bb size=\u00a0\u00bb400px\u00a0\u00bb][\/vc_column][\/vc_row]<\/p>\n","protected":false},"excerpt":{"rendered":"<p>[vc_row full_width=\u00a0\u00bbstretch_row\u00a0\u00bb css=\u00a0\u00bb.vc_custom_1485770065111{background-color: #fafafa !important;}\u00a0\u00bb][vc_column width=\u00a0\u00bb1\/3&Prime;][vc_empty_space alter_height=\u00a0\u00bbhuge\u00a0\u00bb hide_on_mobile=\u00a0\u00bb1&Prime;][vc_icon icon_fontawesome=\u00a0\u00bbicon-mobile-light\u00a0\u00bb color=\u00a0\u00bbcustom\u00a0\u00bb align=\u00a0\u00bbcenter\u00a0\u00bb][vc_column_text] Par t\u00e9l\u00e9phone 514-502-9096[\/vc_column_text][vc_empty_space alter_height=\u00a0\u00bbhuge\u00a0\u00bb hide_on_mobile=\u00a0\u00bb1&Prime;][\/vc_column][vc_column width=\u00a0\u00bb1\/3&Prime;][vc_empty_space alter_height=\u00a0\u00bbhuge\u00a0\u00bb hide_on_mobile=\u00a0\u00bb1&Prime;][vc_icon icon_fontawesome=\u00a0\u00bbicon-mail-empty\u00a0\u00bb color=\u00a0\u00bbcustom\u00a0\u00bb align=\u00a0\u00bbcenter\u00a0\u00bb][vc_column_text] Par courriel info@serrurier514.com[\/vc_column_text][vc_empty_space alter_height=\u00a0\u00bbhuge\u00a0\u00bb hide_on_mobile=\u00a0\u00bb1&Prime;][\/vc_column][vc_column width=\u00a0\u00bb1\/3&Prime;][vc_empty_space alter_height=\u00a0\u00bbhuge\u00a0\u00bb hide_on_mobile=\u00a0\u00bb1&Prime;][vc_icon&hellip;<\/p>\n","protected":false},"author":2,"featured_media":0,"parent":0,"menu_order":0,"comment_status":"closed","ping_status":"closed","template":"","meta":[],"_links":{"self":[{"href":"https:\/\/514locksmith.com\/fr\/wp-json\/wp\/v2\/pages\/1545"}],"collection":[{"href":"https:\/\/514locksmith.com\/fr\/wp-json\/wp\/v2\/pages"}],"about":[{"href":"https:\/\/514locksmith.com\/fr\/wp-json\/wp\/v2\/types\/page"}],"author":[{"embeddable":true,"href":"https:\/\/514locksmith.com\/fr\/wp-json\/wp\/v2\/users\/2"}],"replies":[{"embeddable":true,"href":"https:\/\/514locksmith.com\/fr\/wp-json\/wp\/v2\/comments?post=1545"}],"version-history":[{"count":0,"href":"https:\/\/514locksmith.com\/fr\/wp-json\/wp\/v2\/pages\/1545\/revisions"}],"wp:attachment":[{"href":"https:\/\/514locksmith.com\/fr\/wp-json\/wp\/v2\/media?parent=1545"}],"curies":[{"name":"wp","href":"https:\/\/api.w.org\/{rel}","templated":true}]}}