{"id":1517,"date":"2018-11-05T20:22:01","date_gmt":"2018-11-05T20:22:01","guid":{"rendered":"http:\/\/514locksmith.com\/?page_id=1517"},"modified":"2019-01-07T16:46:30","modified_gmt":"2019-01-07T16:46:30","slug":"a-propos-de-nous","status":"publish","type":"page","link":"https:\/\/514locksmith.com\/fr\/a-propos-de-nous\/","title":{"rendered":"\u00c0 propos de nous"},"content":{"rendered":"<p>[vc_row css=\u00a0\u00bb.vc_custom_1487842971505{padding-top: 0px !important;padding-bottom: 0px !important;}\u00a0\u00bb][vc_column][vc_empty_space alter_height=\u00a0\u00bblarge\u00a0\u00bb hide_on_mobile=\u00a0\u00bb\u00a0\u00bb][vc_column_text]<\/p>\n<h3><strong>SERVICES DE SERRURERIE PROFESSIONNELS \u00c0 MONTR\u00c9AL<br \/>\n<\/strong><\/h3>\n<p>[\/vc_column_text][vc_empty_space height=\u00a0\u00bb16px\u00a0\u00bb alter_height=\u00a0\u00bbsmall\u00a0\u00bb hide_on_mobile=\u00a0\u00bb\u00a0\u00bb][\/vc_column][\/vc_row][vc_row css=\u00a0\u00bb.vc_custom_1487842971505{padding-top: 0px !important;padding-bottom: 0px !important;}\u00a0\u00bb][vc_column width=\u00a0\u00bb2\/3&Prime;][vc_column_text]<strong>Serruriers professionnels, cautionn\u00e9s et assur\u00e9s : nos techniciens sont certifi\u00e9s et agr\u00e9\u00e9s par  <\/strong> <a title=\"le Bureau de la s\u00e9curit\u00e9 priv\u00e9e\" href=\"http:\/\/www.bureausecuriteprivee.qc.ca\/\" target=\"_blank\" rel=\"noopener\">le Bureau de la s\u00e9curit\u00e9 priv\u00e9e<\/a>.<\/p>\n<p>Nous offrons une large gamme de services de serrurerie pour les propri\u00e9t\u00e9s r\u00e9sidentielles et commerciales. Serrures haute s\u00e9curit\u00e9, services d\u2019installation et serrurerie en cas d\u2019urgence dans la grande r\u00e9gion de Montr\u00e9al.<\/p>\n<p><strong>Nous sommes l\u2019\u00e9quipe de serruriers de la grande r\u00e9gion de Montr\u00e9al!<\/strong><\/p>\n<p>Comptant plusieurs ann\u00e9es d\u2019exp\u00e9rience dans le secteur, notre entreprise de serrurerie est le premier choix des r\u00e9sidents de Montr\u00e9al en mati\u00e8re de services de serrurerie r\u00e9sidentielle, commerciale et industrielle. Nous sommes renomm\u00e9s pour nos services professionnels de serrurerie, nos outils \u00e0 la fine pointe de la technologie et pour nos techniciens experts.[\/vc_column_text][vc_empty_space height=\u00a0\u00bb16px\u00a0\u00bb alter_height=\u00a0\u00bbsmall\u00a0\u00bb hide_on_mobile=\u00a0\u00bb\u00a0\u00bb][\/vc_column][vc_column width=\u00a0\u00bb1\/3&Prime;][vc_single_image image=\u00a0\u00bb1515&Prime; img_size=\u00a0\u00bbfull\u00a0\u00bb][vc_empty_space alter_height=\u00a0\u00bbmedium\u00a0\u00bb hide_on_mobile=\u00a0\u00bb2&Prime;][\/vc_column][\/vc_row][vc_row css=\u00a0\u00bb.vc_custom_1537286346150{padding-top: 0px !important;padding-bottom: 0px !important;}\u00a0\u00bb][vc_column][vc_column_text]<\/p>\n<h4>Large \u00e9ventail de services de serrurerie de haute qualit\u00e9<\/h4>\n<p>Nous offrons un nombre de services professionnels pour r\u00e9pondre aux besoins en mati\u00e8re de serrurerie r\u00e9sidentielle, commerciale et industrielle \u00e0 Montr\u00e9al et ses environs. Nous offrons des serrures, des serrures \u00e9lectroniques, des syst\u00e8mes de contr\u00f4le d\u2019acc\u00e8s, des interphones et de syst\u00e8mes de vid\u00e9osurveillance de la plus haute qualit\u00e9. Nous sommes \u00e9galement capables de r\u00e9soudre tout probl\u00e8me li\u00e9 aux serrures et aux portes. Notre entreprise travaille dans ce secteur depuis pr\u00e8s d\u2019une d\u00e9cennie.<\/p>\n<h4>Techniciens-serruriers professionnels<\/h4>\n<p>Nos techniciens chez 514 Locksmith ont acc\u00e8s \u00e0 de multiples ressources. Notre \u00e9quipe a suivi de nombreuses formations pour s\u2019informer sur les derniers progr\u00e8s technologiques. Nos techniciens sont \u00e9galement tr\u00e8s fiables, amicaux et honn\u00eates. Chaque fois que vous ferez appel \u00e0 un serrurier, il veillera \u00e0 votre tranquillit\u00e9 d\u2019esprit en faisant preuve d\u2019efficience et d\u2019efficacit\u00e9 lorsqu\u2019il fera face \u00e0 la situation rencontr\u00e9e.<\/p>\n<h4>Quand ai-je besoin d\u2019un serrurier?<\/h4>\n<ul class=\"check\">\n<li>Lorsque vous emm\u00e9nagez dans votre nouvelle maison ou nouvel appartement.<\/li>\n<li>Lorsque vous n\u2019arrivez plus \u00e0 rentrer dans votre maison ou que vous perdez vos cl\u00e9s.<\/li>\n<li>Pour s\u00e9curiser davantage votre maison.<\/li>\n<li>Pour mettre \u00e0 niveau l\u2019ancien mat\u00e9riel.<\/li>\n<li>Lorsque vous devez installer de nouvelles serrures.<\/li>\n<\/ul>\n<p>[\/vc_column_text][vc_empty_space alter_height=\u00a0\u00bblarge\u00a0\u00bb hide_on_mobile=\u00a0\u00bb\u00a0\u00bb][\/vc_column][\/vc_row][vc_row disable_element=\u00a0\u00bbyes\u00a0\u00bb][vc_column width=\u00a0\u00bb1\/2&Prime;]<div id=\"sc_title_688658395\"\n\t\tclass=\"sc_title sc_title_default\"><h6 class=\"sc_item_subtitle sc_title_subtitle sc_align_default sc_item_title_style_default\">Welcome to us<\/h6><h3 class=\"sc_item_title sc_title_title sc_align_default sc_item_title_style_default\"><b>We provide<\/b> services for multiple customers in various industries and segments<\/h3><div class=\"sc_item_button sc_item_button_default sc_title_button sc_align_default sc_button_wrap\"><a href=\"\/about-style-2\/\" id=\"sc_button_1625507864\" class=\"sc_button sc_button_default sc_button_size_normal sc_button_icon_left\"><span class=\"sc_button_text\"><span class=\"sc_button_title\">read more<\/span><\/span><!-- \/.sc_button_text --><\/a><!-- \/.sc_button --><\/div><!-- \/.sc_item_button sc_item_button_default sc_title_button sc_align_default --><\/div><!-- \/.sc_title -->[vc_empty_space alter_height=\u00a0\u00bbmedium\u00a0\u00bb hide_on_mobile=\u00a0\u00bb2&Prime;][\/vc_column][vc_column width=\u00a0\u00bb1\/2&Prime;][vc_single_image image=\u00a0\u00bb1520&Prime; img_size=\u00a0\u00bbfull\u00a0\u00bb][\/vc_column][\/vc_row][vc_row disable_element=\u00a0\u00bbyes\u00a0\u00bb][vc_column width=\u00a0\u00bb1\/2&Prime;][\/vc_column][vc_column width=\u00a0\u00bb1\/2&Prime;]<div id=\"sc_title_914243277\"\n\t\tclass=\"sc_title sc_title_default\"><h6 class=\"sc_item_subtitle sc_title_subtitle sc_align_default sc_item_title_style_default\">Competitive pricing<\/h6><h3 class=\"sc_item_title sc_title_title sc_align_default sc_item_title_style_default\">Friendly service<\/h3><\/div><!-- \/.sc_title -->[vc_empty_space height=\u00a0\u00bb50px\u00a0\u00bb alter_height=\u00a0\u00bbnone\u00a0\u00bb hide_on_mobile=\u00a0\u00bb\u00a0\u00bb][vc_progress_bar values=\u00a0\u00bb%5B%7B%22label%22%3A%22Security%20Consulting%22%2C%22value%22%3A%2285%22%7D%2C%7B%22label%22%3A%22Ratail%20Security%20%22%2C%22value%22%3A%2250%22%7D%2C%7B%22label%22%3A%22Alarm%20Response%20%22%2C%22value%22%3A%2260%22%7D%2C%7B%22label%22%3A%22Door%20Supervising%22%2C%22value%22%3A%2270%22%7D%5D\u00a0\u00bb narrow=\u00a0\u00bb1&Prime;][\/vc_column][\/vc_row][vc_row full_width=\u00a0\u00bbstretch_row_content_no_spaces\u00a0\u00bb equal_height=\u00a0\u00bbyes\u00a0\u00bb content_placement=\u00a0\u00bbtop\u00a0\u00bb scheme=\u00a0\u00bbdark\u00a0\u00bb css=\u00a0\u00bb.vc_custom_1488804277523{padding-top: 0px !important;padding-bottom: 0px !important;}\u00a0\u00bb el_id=\u00a0\u00bbsecurity_services\u00a0\u00bb][vc_column css=\u00a0\u00bb.vc_custom_1546879212979{background-image: url(https:\/\/serrurier514.com\/wp-content\/uploads\/\/2019\/01\/bg_about1_01.jpg?id=2051) !important;background-position: center !important;background-repeat: no-repeat !important;background-size: cover !important;}\u00a0\u00bb offset=\u00a0\u00bbvc_col-md-6&Prime;][vc_empty_space alter_height=\u00a0\u00bbhuge\u00a0\u00bb hide_on_mobile=\u00a0\u00bb\u00a0\u00bb][vc_column_text]<\/p>\n<h2>Services \u00e0 haute s\u00e9curit\u00e9<\/h2>\n<p>[\/vc_column_text][vc_row_inner][vc_column_inner width=\u00a0\u00bb1\/2&Prime;][vc_column_text]<\/p>\n<ul class=\"trx_addons_list_dot\">\n<li>Serrures Medeco<\/li>\n<li>Mul-T-Lock<\/li>\n<li>Syst\u00e8me de surveillance par cam\u00e9ra<\/li>\n<\/ul>\n<p>[\/vc_column_text][\/vc_column_inner][vc_column_inner width=\u00a0\u00bb1\/2&Prime;][vc_column_text]<\/p>\n<ul class=\"trx_addons_list_dot\">\n<li>Syst\u00e8mes de cartes laissez-passer \u00e9lectriques<\/li>\n<li>Grilles de protection en acier<\/li>\n<li>Grilles en accord\u00e9on<\/li>\n<li>Serrures sp\u00e9cialis\u00e9es pour portes en verre<\/li>\n<\/ul>\n<p>[\/vc_column_text][\/vc_column_inner][\/vc_row_inner][vc_empty_space alter_height=\u00a0\u00bbhuge\u00a0\u00bb hide_on_mobile=\u00a0\u00bb\u00a0\u00bb][\/vc_column][vc_column css=\u00a0\u00bb.vc_custom_1546879384741{background-image: url(https:\/\/serrurier514.com\/wp-content\/uploads\/\/2018\/07\/flashbg-1.jpg?id=1508) !important;background-position: center !important;background-repeat: no-repeat !important;background-size: cover !important;}\u00a0\u00bb offset=\u00a0\u00bbvc_col-md-6&Prime;][vc_empty_space alter_height=\u00a0\u00bbhuge\u00a0\u00bb hide_on_mobile=\u00a0\u00bb\u00a0\u00bb][vc_column_text]<\/p>\n<h2>D\u00e9lai de r\u00e9ponse rapide garanti<\/h2>\n<h1>514-502-9096<\/h1>\n<p>[\/vc_column_text][vc_empty_space alter_height=\u00a0\u00bbhuge\u00a0\u00bb hide_on_mobile=\u00a0\u00bb\u00a0\u00bb][\/vc_column][\/vc_row][vc_row full_width=\u00a0\u00bbstretch_row_content\u00a0\u00bb css=\u00a0\u00bb.vc_custom_1546879587573{padding-top: 0px !important;padding-bottom: 0px !important;background-image: url(https:\/\/serrurier514.com\/wp-content\/uploads\/\/2018\/11\/bg_cta2.jpg?id=1887) !important;background-position: center !important;background-repeat: no-repeat !important;background-size: cover !important;}\u00a0\u00bb][vc_column][vc_empty_space alter_height=\u00a0\u00bbhuge\u00a0\u00bb hide_on_mobile=\u00a0\u00bb\u00a0\u00bb]<div  id=\"sc_action_1483544030\" \n\tclass=\"scheme_dark sc_action sc_action_default\" data-slides-min-width=\"250\"\t><div class=\"sc_action_content sc_item_content\"><div class=\"sc_action_item sc_action_item_default sc_action_item_mc\">\n\t\t\t<div class=\"sc_action_item_image\"><img src=\"https:\/\/514locksmith.com\/wp-content\/uploads\/2017\/01\/icon.png\" alt=\"\" width=\"66\" height=\"85\"><\/div><h3 class=\"sc_action_item_title\"><span>Innovez tous les aspects de votre vie<\/span><\/h3><div class=\"sc_action_item_description\"><span>Verrouillez et d\u00e9verrouillez votre porte o\u00f9 que vous soyez. Donnez un acc\u00e8s s\u00e9curis\u00e9 \u00e0 vos amis et aux membres de votre famille et suivez tous les va-et-vient.<\/span><\/div><a href=\"\/fr\/services\/smart-locks\/\" class=\"sc_action_item_link\">EN SAVOIR PLUS<\/a><\/div><\/div><\/div><!-- \/.sc_action -->[vc_empty_space alter_height=\u00a0\u00bbhuge\u00a0\u00bb hide_on_mobile=\u00a0\u00bb\u00a0\u00bb][\/vc_column][\/vc_row][vc_row disable_element=\u00a0\u00bbyes\u00a0\u00bb css=\u00a0\u00bb.vc_custom_1531845361440{padding-top: 0px !important;padding-bottom: 0px !important;}\u00a0\u00bb][vc_column][vc_empty_space alter_height=\u00a0\u00bbhuge\u00a0\u00bb hide_on_mobile=\u00a0\u00bb1&Prime;][\/vc_column][\/vc_row][vc_row disable_element=\u00a0\u00bbyes\u00a0\u00bb css=\u00a0\u00bb.vc_custom_1531845370776{padding-top: 0px !important;padding-bottom: 0px !important;}\u00a0\u00bb][vc_column][vc_empty_space alter_height=\u00a0\u00bbhuge\u00a0\u00bb hide_on_mobile=\u00a0\u00bb1&Prime;][\/vc_column][\/vc_row][vc_row full_width=\u00a0\u00bbstretch_row_content\u00a0\u00bb css=\u00a0\u00bb.vc_custom_1533922131195{padding-top: 0px !important;padding-bottom: 0px !important;}\u00a0\u00bb][vc_column][vc_empty_space alter_height=\u00a0\u00bbhuge\u00a0\u00bb hide_on_mobile=\u00a0\u00bb\u00a0\u00bb]<div class=\"sc_layouts sc_layouts_default sc_layouts_710\">[vc_row content_placement=\"middle\" row_delimiter=\"\" row_fixed=\"\" hide_on_mobile=\"\" hide_on_frontpage=\"\"][vc_column]<div class=\"sc_layouts_item\"><div id=\"widget_slider_812854017\" class=\"widget_area sc_widget_slider vc_widget_slider wpb_content_element\"><aside id=\"widget_slider_812854017_widget\" class=\"widget widget_slider\">\t\t\t<div class=\"slider_wrap slider_engine_swiper\">\n\t\t\t\t<div id=\"widget_slider_812854017_outer\" class=\"slider_swiper_outer slider_style_default slider_outer_nocontrols slider_outer_nopagination slider_outer_titles_center slider_outer_multi\"><div id=\"widget_slider_812854017_swiper\" class=\"slider_swiper swiper-slider-container slider_nocontrols slider_nopagination slider_titles_center slider_multi slider_noresize slider_height_auto slider_type_images\" data-ratio=\"16:9\" data-interval=\"5000\" data-effect=\"slide\" data-pagination=\"bullets\" data-slides-per-view=\"6\" data-slides-space=\"10\">\n\t\t\t\t\t\t<div class=\"swiper-wrapper\"><div  class=\"swiper-slide\" data-image=\"https:\/\/514locksmith.com\/wp-content\/uploads\/2017\/03\/multlock-logo2-1.png\" style=\"\"><img src=\"https:\/\/514locksmith.com\/wp-content\/uploads\/2017\/03\/multlock-logo2-1.png\" alt=\"\"><\/div><div  class=\"swiper-slide\" data-image=\"https:\/\/514locksmith.com\/wp-content\/uploads\/2017\/03\/medeco-logo2.png\" style=\"\"><img src=\"https:\/\/514locksmith.com\/wp-content\/uploads\/2017\/03\/medeco-logo2.png\" alt=\"\"><\/div><div  class=\"swiper-slide\" data-image=\"https:\/\/514locksmith.com\/wp-content\/uploads\/2017\/03\/yalelogo2.png\" style=\"\"><img src=\"https:\/\/514locksmith.com\/wp-content\/uploads\/2017\/03\/yalelogo2.png\" alt=\"\"><\/div><div  class=\"swiper-slide\" data-image=\"https:\/\/514locksmith.com\/wp-content\/uploads\/2017\/03\/best-logo2.png\" style=\"\"><img src=\"https:\/\/514locksmith.com\/wp-content\/uploads\/2017\/03\/best-logo2.png\" alt=\"\"><a href=\"http:\/\/www.bestaccess.com\/\" class=\"slide_link\"><\/a><\/div><div  class=\"swiper-slide\" data-image=\"https:\/\/514locksmith.com\/wp-content\/uploads\/2017\/03\/assa-logo2.png\" style=\"\"><img src=\"https:\/\/514locksmith.com\/wp-content\/uploads\/2017\/03\/assa-logo2.png\" alt=\"\"><\/div><div  class=\"swiper-slide\" data-image=\"https:\/\/514locksmith.com\/wp-content\/uploads\/2017\/03\/master-lock.png\" style=\"\"><img src=\"https:\/\/514locksmith.com\/wp-content\/uploads\/2017\/03\/master-lock.png\" alt=\"\"><\/div><div  class=\"swiper-slide\" data-image=\"https:\/\/514locksmith.com\/wp-content\/uploads\/2017\/03\/ilco.png\" style=\"\"><img src=\"https:\/\/514locksmith.com\/wp-content\/uploads\/2017\/03\/ilco.png\" alt=\"\"><\/div><div  class=\"swiper-slide\" data-image=\"https:\/\/514locksmith.com\/wp-content\/uploads\/2017\/03\/adams-right.png\" style=\"\"><img src=\"https:\/\/514locksmith.com\/wp-content\/uploads\/2017\/03\/adams-right.png\" alt=\"\"><\/div><div  class=\"swiper-slide\" data-image=\"https:\/\/514locksmith.com\/wp-content\/uploads\/2017\/03\/weiser-logo.png\" style=\"\"><img src=\"https:\/\/514locksmith.com\/wp-content\/uploads\/2017\/03\/weiser-logo.png\" alt=\"\"><\/div><div  class=\"swiper-slide\" data-image=\"https:\/\/514locksmith.com\/wp-content\/uploads\/2017\/03\/stanleylocks.png\" style=\"\"><img src=\"https:\/\/514locksmith.com\/wp-content\/uploads\/2017\/03\/stanleylocks.png\" alt=\"\"><\/div><div  class=\"swiper-slide\" data-image=\"https:\/\/514locksmith.com\/wp-content\/uploads\/2017\/03\/Schlage-lock.png\" style=\"\"><img src=\"https:\/\/514locksmith.com\/wp-content\/uploads\/2017\/03\/Schlage-lock.png\" alt=\"\"><\/div><\/div><\/div><\/div>\t\t\t<\/div>\n\t\t\t<\/aside><\/div><\/div>[\/vc_column][\/vc_row]<\/div>[vc_empty_space alter_height=\u00a0\u00bbhuge\u00a0\u00bb hide_on_mobile=\u00a0\u00bb\u00a0\u00bb][\/vc_column][\/vc_row]<\/p>\n","protected":false},"excerpt":{"rendered":"<p>[vc_row css=\u00a0\u00bb.vc_custom_1487842971505{padding-top: 0px !important;padding-bottom: 0px !important;}\u00a0\u00bb][vc_column][vc_empty_space alter_height=\u00a0\u00bblarge\u00a0\u00bb hide_on_mobile=\u00a0\u00bb\u00a0\u00bb][vc_column_text] SERVICES DE SERRURERIE PROFESSIONNELS \u00c0 MONTR\u00c9AL [\/vc_column_text][vc_empty_space height=\u00a0\u00bb16px\u00a0\u00bb alter_height=\u00a0\u00bbsmall\u00a0\u00bb hide_on_mobile=\u00a0\u00bb\u00a0\u00bb][\/vc_column][\/vc_row][vc_row css=\u00a0\u00bb.vc_custom_1487842971505{padding-top: 0px !important;padding-bottom: 0px !important;}\u00a0\u00bb][vc_column width=\u00a0\u00bb2\/3&Prime;][vc_column_text]Serruriers professionnels, cautionn\u00e9s et assur\u00e9s : nos&hellip;<\/p>\n","protected":false},"author":2,"featured_media":0,"parent":0,"menu_order":0,"comment_status":"closed","ping_status":"closed","template":"","meta":[],"_links":{"self":[{"href":"https:\/\/514locksmith.com\/fr\/wp-json\/wp\/v2\/pages\/1517"}],"collection":[{"href":"https:\/\/514locksmith.com\/fr\/wp-json\/wp\/v2\/pages"}],"about":[{"href":"https:\/\/514locksmith.com\/fr\/wp-json\/wp\/v2\/types\/page"}],"author":[{"embeddable":true,"href":"https:\/\/514locksmith.com\/fr\/wp-json\/wp\/v2\/users\/2"}],"replies":[{"embeddable":true,"href":"https:\/\/514locksmith.com\/fr\/wp-json\/wp\/v2\/comments?post=1517"}],"version-history":[{"count":0,"href":"https:\/\/514locksmith.com\/fr\/wp-json\/wp\/v2\/pages\/1517\/revisions"}],"wp:attachment":[{"href":"https:\/\/514locksmith.com\/fr\/wp-json\/wp\/v2\/media?parent=1517"}],"curies":[{"name":"wp","href":"https:\/\/api.w.org\/{rel}","templated":true}]}}